{"id":2095,"date":"2025-11-19T15:33:36","date_gmt":"2025-11-19T13:33:36","guid":{"rendered":"https:\/\/4rent-thessaloniki.com\/4rent\/"},"modified":"2026-04-20T19:33:49","modified_gmt":"2026-04-20T16:33:49","slug":"4rent","status":"publish","type":"page","link":"https:\/\/4rent-thessaloniki.com\/de\/","title":{"rendered":"4Rent"},"content":{"rendered":"\t\t<div data-elementor-type=\"wp-page\" data-elementor-id=\"2095\" class=\"elementor elementor-2095 elementor-13\" data-elementor-post-type=\"page\">\n\t\t\t\t<div class=\"elementor-element elementor-element-522e26b e-flex e-con-boxed e-con e-parent\" data-id=\"522e26b\" data-element_type=\"container\" data-settings=\"{&quot;background_background&quot;:&quot;classic&quot;}\">\n\t\t\t\t\t<div class=\"e-con-inner\">\n\t\t\t\t<div class=\"elementor-element elementor-element-2e5732e elementor-widget elementor-widget-heading\" data-id=\"2e5732e\" data-element_type=\"widget\" data-widget_type=\"heading.default\">\n\t\t\t\t\t<h1 class=\"elementor-heading-title elementor-size-default\">4RENT MIETWAGEN IN<br>THESSALONIKI (SKG) &amp; ATHEN (ATH)<\/h1>\t\t\t\t<\/div>\n\t\t\t\t<div class=\"elementor-element elementor-element-4234c1e elementor-widget elementor-widget-text-editor\" data-id=\"4234c1e\" data-element_type=\"widget\" data-widget_type=\"text-editor.default\">\n\t\t\t\t\t\t\t\t\t<p class=\"g-promocontent-desc-wrapper\"><span class=\"g-textpromo\">Alle Mietautos sind Vollkaskoversichert, Ohne Selbstbeteiligung Rundum-Sorglos<\/span><\/p>\n\t\t\t\t\t\t\t\t<\/div>\n\t\t\t\t<div class=\"elementor-element elementor-element-a889a29 elementor-align-center elementor-widget elementor-widget-button\" data-id=\"a889a29\" data-element_type=\"widget\" data-widget_type=\"button.default\">\n\t\t\t\t\t\t\t\t\t\t<a class=\"elementor-button elementor-button-link elementor-size-sm\" href=\"https:\/\/4rent-thessaloniki.com\/de\/buchen\/\">\n\t\t\t\t\t\t<span class=\"elementor-button-content-wrapper\">\n\t\t\t\t\t\t\t\t\t<span class=\"elementor-button-text\">BUCHEN SIE HIER<\/span>\n\t\t\t\t\t<\/span>\n\t\t\t\t\t<\/a>\n\t\t\t\t\t\t\t\t<\/div>\n\t\t\t\t\t<\/div>\n\t\t\t\t<\/div>\n\t\t<div class=\"elementor-element elementor-element-5b52e0a e-flex e-con-boxed e-con e-parent\" data-id=\"5b52e0a\" data-element_type=\"container\">\n\t\t\t\t\t<div class=\"e-con-inner\">\n\t\t\t\t<div class=\"elementor-element elementor-element-7f44d40 elementor-widget elementor-widget-heading\" data-id=\"7f44d40\" data-element_type=\"widget\" data-widget_type=\"heading.default\">\n\t\t\t\t\t<h3 class=\"elementor-heading-title elementor-size-default\">Autovermietung in Thessaloniki &amp; Athen ohne Kaution und Kreditkarte<\/h3>\t\t\t\t<\/div>\n\t\t\t\t<div class=\"elementor-element elementor-element-32105f9 elementor-widget elementor-widget-text-editor\" data-id=\"32105f9\" data-element_type=\"widget\" data-widget_type=\"text-editor.default\">\n\t\t\t\t\t\t\t\t\t<div>Unsere <strong>4Rent <\/strong>Autovermietung in Thessaloniki &amp; Athen ist ein privater Autovermieter mit aktuellen Fahrzeugmodellen und einem sehr pers\u00f6nlichen Service.<\/div><div><span lang=\"el-GR\">Dazu <\/span><span lang=\"el-GR\">geh\u00f6rt auch das deutschsprachige Personal.<\/span> <span lang=\"el-GR\">Wir bieten Ihnen eine vielf\u00e4ltige Auswahl an Mietwagen in sehr vielen<a href=\"https:\/\/4rent-thessaloniki.com\/de\/flotte\/mietwagenflotte\/\"> <strong>Kategorien<\/strong><\/a>.<\/span><\/div><div>\u00a0<\/div><div>Mieten Sie Ihr Wunsch-Mietwagen am <strong>Flughafen Thessaloniki \/ SKG<\/strong> (mit dem kostenlosen Shuttle-Service zum B\u00fcro) oder Hotelzustellung in Thessaloniki City (<strong>Hotels<\/strong>, <strong>Airbnb<\/strong>). Sie haben auch die M\u00f6glichkeit Ihren <strong>Mietwagen in <strong>Chalkidiki<\/strong><\/strong> (Kassandra, Sithonia) zu mieten. Jetzt neu auch in <strong>Athen am Flughafen<\/strong>.<\/div><div>\u00a0<\/div><div><span lang=\"el-GR\">Alle <\/span><span lang=\"el-GR\"><b>Mietautos sind <\/b><\/span><span lang=\"el-GR\"><a href=\"https:\/\/4rent-thessaloniki.com\/de\/auto-mieten-thessaloniki-ohne-kreditkarte\/mietwagen-ohne-kaution-thessaloniki\/\"><strong>Vollkaskoversichert, OHNE Selbstbeteiligung<\/strong><\/a> mit unserem \"Rundum-sorglos-Paket\". Inbegriffen sind Sch\u00e4den an den Reifen, am Unterboden und dem Glasbereich - 24 Stunden Bereitstellungsservice - Haftpflichtversicherung - Diebstahlversicherung ohne Selbstbeteiligung - MwSt. und alle Flughafen-Steuern. Einfach und zuverl\u00e4ssig ohne versteckte Kosten, keine Kaution ohne Kreditkarte, inklusive unbegrenzten Kilometern und Zusatzfahrer.<\/span><\/div><div>\u00a0<\/div><div>Reservieren Sie Ihre gew\u00fcnschte Kategorie, mit nur <strong>49,00 \u20ac<\/strong> Anzahlung und den Rest bei Ankunft in bar oder Karte (Kredit, Debit, EC, Google &amp; Apple Pay oder Paypal).<\/div><div>\u00a0<\/div><div><span lang=\"el-GR\">Mit der Auswahl<\/span> <strong><a href=\"https:\/\/4rent-thessaloniki.com\/de\/auto-mieten-thessaloniki-ohne-kreditkarte\/premium-paket\/\">Premium<\/a><\/strong><strong><span lang=\"en-US\"><a href=\"https:\/\/4rent-thessaloniki.com\/de\/auto-mieten-thessaloniki-ohne-kreditkarte\/premium-paket\/\">-Paket<\/a><\/span><\/strong> <span lang=\"el-GR\"><strong><span lang=\"en-US\">(1,00 \u20ac\/pro Tag)<\/span><\/strong><\/span> erhalten Sie au\u00dferdem Zugriff auf zus\u00e4tzlichen Services wie kostenlose Stornierung, \u00c4nderungen und 10 % Rabatt f\u00fcr Ihre n\u00e4chste Buchung.<\/div><div>\u00a0<\/div><div lang=\"el-GR\">Falls Sie noch einen vollst\u00e4ndigeren \u00dcberblick von uns haben m\u00f6chten, lesen Sie hier unsere <a href=\"https:\/\/4rent-thessaloniki.com\/de\/mietwagen-thessaloniki-bewertung\/\"><strong>Bewertungen <\/strong><\/a>und Erfahrungen <span data-offset-key=\"5ftgf-0-0\">\u2b50\ufe0f<\/span>\u2b50\ufe0f<span data-offset-key=\"5ftgf-0-0\">\u2b50\ufe0f<\/span><span data-offset-key=\"5ftgf-0-0\">\u2b50\ufe0f<\/span><span data-offset-key=\"5ftgf-0-0\">\u2b50\ufe0f<\/span>.<\/div><div lang=\"el-GR\">\u00a0<\/div><div lang=\"el-GR\">Wir versprechen Ihnen Serviceleistungen im Sinne griechischer Gastfreundlichkeit, damit Sie sich auch im Urlaub in Griechenland rundum sicher f\u00fchlen.<\/div>\t\t\t\t\t\t\t\t<\/div>\n\t\t\t\t<div class=\"elementor-element elementor-element-fad9389 elementor-widget elementor-widget-heading\" data-id=\"fad9389\" data-element_type=\"widget\" data-widget_type=\"heading.default\">\n\t\t\t\t\t<h5 class=\"elementor-heading-title elementor-size-default\">DIE CLEVERE ART, IHREN MIETWAGEN ZU BUCHEN.<\/h5>\t\t\t\t<\/div>\n\t\t\t\t<div class=\"elementor-element elementor-element-78b82c0 elementor-widget elementor-widget-video\" data-id=\"78b82c0\" data-element_type=\"widget\" data-settings=\"{&quot;youtube_url&quot;:&quot;https:\\\/\\\/youtu.be\\\/HHyS7lxU7aE&quot;,&quot;autoplay&quot;:&quot;yes&quot;,&quot;play_on_mobile&quot;:&quot;yes&quot;,&quot;yt_privacy&quot;:&quot;yes&quot;,&quot;show_image_overlay&quot;:&quot;yes&quot;,&quot;image_overlay&quot;:{&quot;url&quot;:&quot;https:\\\/\\\/4rent-thessaloniki.com\\\/wp-content\\\/uploads\\\/2026\\\/04\\\/youtube-thumb-de.jpg&quot;,&quot;id&quot;:6123,&quot;size&quot;:&quot;&quot;,&quot;alt&quot;:&quot;&quot;,&quot;source&quot;:&quot;library&quot;},&quot;video_type&quot;:&quot;youtube&quot;,&quot;controls&quot;:&quot;yes&quot;}\" data-widget_type=\"video.default\">\n\t\t\t\t\t\t\t<div class=\"elementor-wrapper elementor-open-inline\">\n\t\t\t<div class=\"elementor-video\"><\/div>\t\t\t\t<div class=\"elementor-custom-embed-image-overlay\" style=\"background-image: url(https:\/\/4rent-thessaloniki.com\/wp-content\/uploads\/2026\/04\/youtube-thumb-de.jpg);\">\n\t\t\t\t\t\t\t\t\t\t\t\t\t\t\t\t<div class=\"elementor-custom-embed-play\" role=\"button\" aria-label=\"Video abspielen\" tabindex=\"0\">\n\t\t\t\t\t\t\t<svg aria-hidden=\"true\" class=\"e-font-icon-svg e-eicon-play\" viewBox=\"0 0 1000 1000\" xmlns=\"http:\/\/www.w3.org\/2000\/svg\"><path d=\"M838 162C746 71 633 25 500 25 371 25 258 71 163 162 71 254 25 367 25 500 25 633 71 746 163 837 254 929 367 979 500 979 633 979 746 933 838 837 929 746 975 633 975 500 975 367 929 254 838 162M808 192C892 279 933 379 933 500 933 621 892 725 808 808 725 892 621 938 500 938 379 938 279 896 196 808 113 725 67 621 67 500 67 379 108 279 196 192 279 108 383 62 500 62 621 62 721 108 808 192M438 392V642L642 517 438 392Z\"><\/path><\/svg>\t\t\t\t\t\t<\/div>\n\t\t\t\t\t\t\t\t\t<\/div>\n\t\t\t\t\t<\/div>\n\t\t\t\t\t\t<\/div>\n\t\t\t\t\t<\/div>\n\t\t\t\t<\/div>\n\t\t<div class=\"elementor-element elementor-element-964c93a e-flex e-con-boxed e-con e-parent\" data-id=\"964c93a\" data-element_type=\"container\">\n\t\t\t\t\t<div class=\"e-con-inner\">\n\t\t\t\t<div class=\"elementor-element elementor-element-b5aa228 elementor-widget elementor-widget-heading\" data-id=\"b5aa228\" data-element_type=\"widget\" data-widget_type=\"heading.default\">\n\t\t\t\t\t<h4 class=\"elementor-heading-title elementor-size-default\">Mietwagen Flotte von 4rent Thessaloniki<\/h4>\t\t\t\t<\/div>\n\t\t\t\t<div class=\"elementor-element elementor-element-69973ab elementor-widget elementor-widget-text-editor\" data-id=\"69973ab\" data-element_type=\"widget\" data-widget_type=\"text-editor.default\">\n\t\t\t\t\t\t\t\t\t<p>Wir bieten eine gro\u00dfe Auswahl an Mietwagen, die an Ihre Bed\u00fcrfnisse angepasst sind, in allen Kategorien ...und das Beste von allem? Unsere Flotte ist eine der modernsten auf dem Markt !!<\/p>\n<p>Unsere 4rent-Mietwagen Flotte k\u00f6nnen Sie <a href=\"https:\/\/4rent-thessaloniki.com\/de\/flotte\/mietwagenflotte\/\">hier <\/a>sehen.<\/p>\n\t\t\t\t\t\t\t\t<\/div>\n\t\t<div class=\"elementor-element elementor-element-701b2b9 e-grid e-con-full e-con e-child\" data-id=\"701b2b9\" data-element_type=\"container\">\n\t\t\t\t<div class=\"elementor-element elementor-element-5c2a72a elementor-widget elementor-widget-image\" data-id=\"5c2a72a\" data-element_type=\"widget\" data-widget_type=\"image.default\">\n\t\t\t\t\t\t\t\t\t\t\t\t\t\t\t<img fetchpriority=\"high\" decoding=\"async\" width=\"450\" height=\"300\" src=\"https:\/\/4rent-thessaloniki.com\/wp-content\/uploads\/2025\/12\/aygox.png\" class=\"attachment-large size-large wp-image-2083\" alt=\"\" srcset=\"https:\/\/4rent-thessaloniki.com\/wp-content\/uploads\/2025\/12\/aygox.png 450w, https:\/\/4rent-thessaloniki.com\/wp-content\/uploads\/2025\/12\/aygox-300x200.png 300w\" sizes=\"(max-width: 450px) 100vw, 450px\" \/>\t\t\t\t\t\t\t\t\t\t\t\t\t\t\t<\/div>\n\t\t\t\t<div class=\"elementor-element elementor-element-e2fe04e elementor-widget elementor-widget-image\" data-id=\"e2fe04e\" data-element_type=\"widget\" data-widget_type=\"image.default\">\n\t\t\t\t\t\t\t\t\t\t\t\t\t\t\t<img decoding=\"async\" width=\"450\" height=\"300\" src=\"https:\/\/4rent-thessaloniki.com\/wp-content\/uploads\/2025\/12\/ibiza.png\" class=\"attachment-large size-large wp-image-2084\" alt=\"\" srcset=\"https:\/\/4rent-thessaloniki.com\/wp-content\/uploads\/2025\/12\/ibiza.png 450w, https:\/\/4rent-thessaloniki.com\/wp-content\/uploads\/2025\/12\/ibiza-300x200.png 300w\" sizes=\"(max-width: 450px) 100vw, 450px\" \/>\t\t\t\t\t\t\t\t\t\t\t\t\t\t\t<\/div>\n\t\t\t\t<div class=\"elementor-element elementor-element-e91044e elementor-widget elementor-widget-image\" data-id=\"e91044e\" data-element_type=\"widget\" data-widget_type=\"image.default\">\n\t\t\t\t\t\t\t\t\t\t\t\t\t\t\t<img decoding=\"async\" width=\"450\" height=\"300\" src=\"https:\/\/4rent-thessaloniki.com\/wp-content\/uploads\/2025\/12\/golf.png\" class=\"attachment-large size-large wp-image-2085\" alt=\"\" srcset=\"https:\/\/4rent-thessaloniki.com\/wp-content\/uploads\/2025\/12\/golf.png 450w, https:\/\/4rent-thessaloniki.com\/wp-content\/uploads\/2025\/12\/golf-300x200.png 300w\" sizes=\"(max-width: 450px) 100vw, 450px\" \/>\t\t\t\t\t\t\t\t\t\t\t\t\t\t\t<\/div>\n\t\t\t\t<div class=\"elementor-element elementor-element-9183032 elementor-widget elementor-widget-image\" data-id=\"9183032\" data-element_type=\"widget\" data-widget_type=\"image.default\">\n\t\t\t\t\t\t\t\t\t\t\t\t\t\t\t<img loading=\"lazy\" decoding=\"async\" width=\"450\" height=\"300\" src=\"https:\/\/4rent-thessaloniki.com\/wp-content\/uploads\/2025\/12\/arona-site-2.png\" class=\"attachment-large size-large wp-image-2086\" alt=\"\" srcset=\"https:\/\/4rent-thessaloniki.com\/wp-content\/uploads\/2025\/12\/arona-site-2.png 450w, https:\/\/4rent-thessaloniki.com\/wp-content\/uploads\/2025\/12\/arona-site-2-300x200.png 300w\" sizes=\"(max-width: 450px) 100vw, 450px\" \/>\t\t\t\t\t\t\t\t\t\t\t\t\t\t\t<\/div>\n\t\t\t\t<div class=\"elementor-element elementor-element-0794dc7 elementor-widget elementor-widget-image\" data-id=\"0794dc7\" data-element_type=\"widget\" data-widget_type=\"image.default\">\n\t\t\t\t\t\t\t\t\t\t\t\t\t\t\t<img loading=\"lazy\" decoding=\"async\" width=\"450\" height=\"300\" src=\"https:\/\/4rent-thessaloniki.com\/wp-content\/uploads\/2025\/12\/corolla.png\" class=\"attachment-large size-large wp-image-2087\" alt=\"\" srcset=\"https:\/\/4rent-thessaloniki.com\/wp-content\/uploads\/2025\/12\/corolla.png 450w, https:\/\/4rent-thessaloniki.com\/wp-content\/uploads\/2025\/12\/corolla-300x200.png 300w\" sizes=\"(max-width: 450px) 100vw, 450px\" \/>\t\t\t\t\t\t\t\t\t\t\t\t\t\t\t<\/div>\n\t\t\t\t<div class=\"elementor-element elementor-element-811322a elementor-widget elementor-widget-image\" data-id=\"811322a\" data-element_type=\"widget\" data-widget_type=\"image.default\">\n\t\t\t\t\t\t\t\t\t\t\t\t\t\t\t<img loading=\"lazy\" decoding=\"async\" width=\"450\" height=\"300\" src=\"https:\/\/4rent-thessaloniki.com\/wp-content\/uploads\/2025\/12\/chr.png\" class=\"attachment-large size-large wp-image-2088\" alt=\"\" srcset=\"https:\/\/4rent-thessaloniki.com\/wp-content\/uploads\/2025\/12\/chr.png 450w, https:\/\/4rent-thessaloniki.com\/wp-content\/uploads\/2025\/12\/chr-300x200.png 300w\" sizes=\"(max-width: 450px) 100vw, 450px\" \/>\t\t\t\t\t\t\t\t\t\t\t\t\t\t\t<\/div>\n\t\t\t\t<div class=\"elementor-element elementor-element-e50a48b elementor-widget elementor-widget-image\" data-id=\"e50a48b\" data-element_type=\"widget\" data-widget_type=\"image.default\">\n\t\t\t\t\t\t\t\t\t\t\t\t\t\t\t<img loading=\"lazy\" decoding=\"async\" width=\"450\" height=\"300\" src=\"https:\/\/4rent-thessaloniki.com\/wp-content\/uploads\/2025\/12\/jogger.png\" class=\"attachment-large size-large wp-image-2089\" alt=\"\" srcset=\"https:\/\/4rent-thessaloniki.com\/wp-content\/uploads\/2025\/12\/jogger.png 450w, https:\/\/4rent-thessaloniki.com\/wp-content\/uploads\/2025\/12\/jogger-300x200.png 300w\" sizes=\"(max-width: 450px) 100vw, 450px\" \/>\t\t\t\t\t\t\t\t\t\t\t\t\t\t\t<\/div>\n\t\t\t\t<div class=\"elementor-element elementor-element-eedb967 elementor-widget elementor-widget-image\" data-id=\"eedb967\" data-element_type=\"widget\" data-widget_type=\"image.default\">\n\t\t\t\t\t\t\t\t\t\t\t\t\t\t\t<img loading=\"lazy\" decoding=\"async\" width=\"450\" height=\"300\" src=\"https:\/\/4rent-thessaloniki.com\/wp-content\/uploads\/2025\/12\/caddy.png\" class=\"attachment-large size-large wp-image-2090\" alt=\"\" srcset=\"https:\/\/4rent-thessaloniki.com\/wp-content\/uploads\/2025\/12\/caddy.png 450w, https:\/\/4rent-thessaloniki.com\/wp-content\/uploads\/2025\/12\/caddy-300x200.png 300w\" sizes=\"(max-width: 450px) 100vw, 450px\" \/>\t\t\t\t\t\t\t\t\t\t\t\t\t\t\t<\/div>\n\t\t\t\t<\/div>\n\t\t\t\t<div class=\"elementor-element elementor-element-a315d30 elementor-align-center elementor-widget elementor-widget-button\" data-id=\"a315d30\" data-element_type=\"widget\" data-widget_type=\"button.default\">\n\t\t\t\t\t\t\t\t\t\t<a class=\"elementor-button elementor-button-link elementor-size-sm\" href=\"https:\/\/4rent-thessaloniki.com\/de\/buchen\/\">\n\t\t\t\t\t\t<span class=\"elementor-button-content-wrapper\">\n\t\t\t\t\t\t\t\t\t<span class=\"elementor-button-text\"> ZUR FAHRZEUGAUSWAHL<\/span>\n\t\t\t\t\t<\/span>\n\t\t\t\t\t<\/a>\n\t\t\t\t\t\t\t\t<\/div>\n\t\t\t\t<div class=\"elementor-element elementor-element-734b0b1 elementor-widget elementor-widget-text-editor\" data-id=\"734b0b1\" data-element_type=\"widget\" data-widget_type=\"text-editor.default\">\n\t\t\t\t\t\t\t\t\t<p class=\"g-title g-infolist-title\">NEU!!<\/p>\n\t\t\t\t\t\t\t\t<\/div>\n\t\t\t\t\t<\/div>\n\t\t\t\t<\/div>\n\t\t<div class=\"elementor-element elementor-element-eae8c84 e-grid e-con-boxed e-con e-parent\" data-id=\"eae8c84\" data-element_type=\"container\">\n\t\t\t\t\t<div class=\"e-con-inner\">\n\t\t<div class=\"elementor-element elementor-element-0095936 e-grid e-con-full e-con e-child\" data-id=\"0095936\" data-element_type=\"container\">\n\t\t\t\t<div class=\"elementor-element elementor-element-c9bb863 elementor-widget elementor-widget-image\" data-id=\"c9bb863\" data-element_type=\"widget\" data-widget_type=\"image.default\">\n\t\t\t\t\t\t\t\t\t\t\t\t\t\t\t<img loading=\"lazy\" decoding=\"async\" width=\"339\" height=\"192\" src=\"https:\/\/4rent-thessaloniki.com\/wp-content\/uploads\/2025\/12\/premium-paket2.jpg\" class=\"attachment-large size-large wp-image-2091\" alt=\"\" srcset=\"https:\/\/4rent-thessaloniki.com\/wp-content\/uploads\/2025\/12\/premium-paket2.jpg 339w, https:\/\/4rent-thessaloniki.com\/wp-content\/uploads\/2025\/12\/premium-paket2-300x170.jpg 300w\" sizes=\"(max-width: 339px) 100vw, 339px\" \/>\t\t\t\t\t\t\t\t\t\t\t\t\t\t\t<\/div>\n\t\t\t\t<div class=\"elementor-element elementor-element-2a0b0d6 elementor-widget elementor-widget-heading\" data-id=\"2a0b0d6\" data-element_type=\"widget\" data-widget_type=\"heading.default\">\n\t\t\t\t\t<h2 class=\"elementor-heading-title elementor-size-default\">Premium Paket nur mit 1,00\u20ac pro Tag<\/h2>\t\t\t\t<\/div>\n\t\t\t\t<div class=\"elementor-element elementor-element-2fcaa08 elementor-widget elementor-widget-button\" data-id=\"2fcaa08\" data-element_type=\"widget\" data-widget_type=\"button.default\">\n\t\t\t\t\t\t\t\t\t\t<a class=\"elementor-button elementor-button-link elementor-size-sm\" href=\"https:\/\/4rent-thessaloniki.com\/de\/auto-mieten-thessaloniki-ohne-kreditkarte\/premium-paket\/\">\n\t\t\t\t\t\t<span class=\"elementor-button-content-wrapper\">\n\t\t\t\t\t\t<span class=\"elementor-button-icon\">\n\t\t\t\t<i aria-hidden=\"true\" class=\"icon icon-tick\"><\/i>\t\t\t<\/span>\n\t\t\t\t\t\t\t\t\t<span class=\"elementor-button-text\"> Premium!<\/span>\n\t\t\t\t\t<\/span>\n\t\t\t\t\t<\/a>\n\t\t\t\t\t\t\t\t<\/div>\n\t\t\t\t<\/div>\n\t\t<div class=\"elementor-element elementor-element-04c5691 e-grid e-con-full e-con e-child\" data-id=\"04c5691\" data-element_type=\"container\">\n\t\t\t\t<div class=\"elementor-element elementor-element-caf997a elementor-widget elementor-widget-image\" data-id=\"caf997a\" data-element_type=\"widget\" data-widget_type=\"image.default\">\n\t\t\t\t\t\t\t\t\t\t\t\t\t\t\t<img loading=\"lazy\" decoding=\"async\" width=\"540\" height=\"313\" src=\"https:\/\/4rent-thessaloniki.com\/wp-content\/uploads\/2025\/12\/car-crash-e1764856313678.png\" class=\"attachment-large size-large wp-image-2092\" alt=\"\" srcset=\"https:\/\/4rent-thessaloniki.com\/wp-content\/uploads\/2025\/12\/car-crash-e1764856313678.png 540w, https:\/\/4rent-thessaloniki.com\/wp-content\/uploads\/2025\/12\/car-crash-e1764856313678-300x174.png 300w\" sizes=\"(max-width: 540px) 100vw, 540px\" \/>\t\t\t\t\t\t\t\t\t\t\t\t\t\t\t<\/div>\n\t\t\t\t<div class=\"elementor-element elementor-element-16af0c2 elementor-widget elementor-widget-heading\" data-id=\"16af0c2\" data-element_type=\"widget\" data-widget_type=\"heading.default\">\n\t\t\t\t\t<h2 class=\"elementor-heading-title elementor-size-default\">Vollkasko &amp; ohne Kaution<\/h2>\t\t\t\t<\/div>\n\t\t\t\t<div class=\"elementor-element elementor-element-3581b47 elementor-widget elementor-widget-button\" data-id=\"3581b47\" data-element_type=\"widget\" data-widget_type=\"button.default\">\n\t\t\t\t\t\t\t\t\t\t<a class=\"elementor-button elementor-button-link elementor-size-sm\" href=\"https:\/\/4rent-thessaloniki.com\/de\/auto-mieten-thessaloniki-ohne-kreditkarte\/guenstige-und-billige-mietwagen-thessaloniki\/\">\n\t\t\t\t\t\t<span class=\"elementor-button-content-wrapper\">\n\t\t\t\t\t\t<span class=\"elementor-button-icon\">\n\t\t\t\t<svg aria-hidden=\"true\" class=\"e-font-icon-svg e-fas-star\" viewBox=\"0 0 576 512\" xmlns=\"http:\/\/www.w3.org\/2000\/svg\"><path d=\"M259.3 17.8L194 150.2 47.9 171.5c-26.2 3.8-36.7 36.1-17.7 54.6l105.7 103-25 145.5c-4.5 26.3 23.2 46 46.4 33.7L288 439.6l130.7 68.7c23.2 12.2 50.9-7.4 46.4-33.7l-25-145.5 105.7-103c19-18.5 8.5-50.8-17.7-54.6L382 150.2 316.7 17.8c-11.7-23.6-45.6-23.9-57.4 0z\"><\/path><\/svg>\t\t\t<\/span>\n\t\t\t\t\t\t\t\t\t<span class=\"elementor-button-text\"> Beispiel<\/span>\n\t\t\t\t\t<\/span>\n\t\t\t\t\t<\/a>\n\t\t\t\t\t\t\t\t<\/div>\n\t\t\t\t<\/div>\n\t\t<div class=\"elementor-element elementor-element-1729900 e-grid e-con-full e-con e-child\" data-id=\"1729900\" data-element_type=\"container\">\n\t\t\t\t<div class=\"elementor-element elementor-element-6c07472 elementor-widget elementor-widget-image\" data-id=\"6c07472\" data-element_type=\"widget\" data-widget_type=\"image.default\">\n\t\t\t\t\t\t\t\t\t\t\t\t\t\t\t<img loading=\"lazy\" decoding=\"async\" width=\"339\" height=\"192\" src=\"https:\/\/4rent-thessaloniki.com\/wp-content\/uploads\/2025\/12\/stars.png\" class=\"attachment-large size-large wp-image-2093\" alt=\"\" srcset=\"https:\/\/4rent-thessaloniki.com\/wp-content\/uploads\/2025\/12\/stars.png 339w, https:\/\/4rent-thessaloniki.com\/wp-content\/uploads\/2025\/12\/stars-300x170.png 300w\" sizes=\"(max-width: 339px) 100vw, 339px\" \/>\t\t\t\t\t\t\t\t\t\t\t\t\t\t\t<\/div>\n\t\t\t\t<div class=\"elementor-element elementor-element-848f1e4 elementor-widget elementor-widget-heading\" data-id=\"848f1e4\" data-element_type=\"widget\" data-widget_type=\"heading.default\">\n\t\t\t\t\t<h2 class=\"elementor-heading-title elementor-size-default\">Vollkasko &amp; ohne Kaution<\/h2>\t\t\t\t<\/div>\n\t\t\t\t<div class=\"elementor-element elementor-element-a370e67 elementor-widget elementor-widget-button\" data-id=\"a370e67\" data-element_type=\"widget\" data-widget_type=\"button.default\">\n\t\t\t\t\t\t\t\t\t\t<a class=\"elementor-button elementor-button-link elementor-size-sm\" href=\"https:\/\/4rent-thessaloniki.com\/de\/mietwagen-thessaloniki-bewertung\/\">\n\t\t\t\t\t\t<span class=\"elementor-button-content-wrapper\">\n\t\t\t\t\t\t<span class=\"elementor-button-icon\">\n\t\t\t\t<svg aria-hidden=\"true\" class=\"e-font-icon-svg e-fas-star\" viewBox=\"0 0 576 512\" xmlns=\"http:\/\/www.w3.org\/2000\/svg\"><path d=\"M259.3 17.8L194 150.2 47.9 171.5c-26.2 3.8-36.7 36.1-17.7 54.6l105.7 103-25 145.5c-4.5 26.3 23.2 46 46.4 33.7L288 439.6l130.7 68.7c23.2 12.2 50.9-7.4 46.4-33.7l-25-145.5 105.7-103c19-18.5 8.5-50.8-17.7-54.6L382 150.2 316.7 17.8c-11.7-23.6-45.6-23.9-57.4 0z\"><\/path><\/svg>\t\t\t<\/span>\n\t\t\t\t\t\t\t\t\t<span class=\"elementor-button-text\">Pers\u00f6nlicher Service<\/span>\n\t\t\t\t\t<\/span>\n\t\t\t\t\t<\/a>\n\t\t\t\t\t\t\t\t<\/div>\n\t\t\t\t<\/div>\n\t\t<div class=\"elementor-element elementor-element-4bbce74 e-grid e-con-full e-con e-child\" data-id=\"4bbce74\" data-element_type=\"container\">\n\t\t\t\t<div class=\"elementor-element elementor-element-1bbc93e elementor-widget elementor-widget-image\" data-id=\"1bbc93e\" data-element_type=\"widget\" data-widget_type=\"image.default\">\n\t\t\t\t\t\t\t\t\t\t\t\t\t\t\t<img decoding=\"async\" src=\"https:\/\/4rent-thessaloniki.com\/wp-content\/uploads\/elementor\/thumbs\/angebote2024--rj06jkrmbthnujyglrxfg5xs9aapbk43sr64nqdnjw.png\" title=\"angebote2024-\" alt=\"angebote2024-\" loading=\"lazy\" \/>\t\t\t\t\t\t\t\t\t\t\t\t\t\t\t<\/div>\n\t\t\t\t<div class=\"elementor-element elementor-element-241518e elementor-widget elementor-widget-heading\" data-id=\"241518e\" data-element_type=\"widget\" data-widget_type=\"heading.default\">\n\t\t\t\t\t<h2 class=\"elementor-heading-title elementor-size-default\">Sparen Sie f\u00fcr Ihren Mietwagen in Thessaloniki<\/h2>\t\t\t\t<\/div>\n\t\t\t\t<div class=\"elementor-element elementor-element-12e51e0 elementor-widget elementor-widget-button\" data-id=\"12e51e0\" data-element_type=\"widget\" data-widget_type=\"button.default\">\n\t\t\t\t\t\t\t\t\t\t<a class=\"elementor-button elementor-button-link elementor-size-sm\" href=\"https:\/\/4rent-thessaloniki.com\/de\/guenstige-angebote-mietwagen-thessaloniki\/\">\n\t\t\t\t\t\t<span class=\"elementor-button-content-wrapper\">\n\t\t\t\t\t\t<span class=\"elementor-button-icon\">\n\t\t\t\t<i aria-hidden=\"true\" class=\"icon icon-tick\"><\/i>\t\t\t<\/span>\n\t\t\t\t\t\t\t\t\t<span class=\"elementor-button-text\">Angebote 2026<\/span>\n\t\t\t\t\t<\/span>\n\t\t\t\t\t<\/a>\n\t\t\t\t\t\t\t\t<\/div>\n\t\t\t\t<\/div>\n\t\t\t\t\t<\/div>\n\t\t\t\t<\/div>\n\t\t\t\t<\/div>\n\t\t","protected":false},"excerpt":{"rendered":"<p>4RENT MIETWAGEN INTHESSALONIKI (SKG) &amp; ATHEN (ATH) Alle Mietautos sind Vollkaskoversichert, Ohne Selbstbeteiligung Rundum-Sorglos BUCHEN SIE HIER Autovermietung in Thessaloniki &amp; Athen ohne Kaution und Kreditkarte Unsere 4Rent Autovermietung in Thessaloniki &amp; Athen ist ein privater Autovermieter mit aktuellen Fahrzeugmodellen und einem sehr pers\u00f6nlichen Service.Dazu geh\u00f6rt auch das deutschsprachige Personal. Wir bieten Ihnen eine vielf\u00e4ltige [&hellip;]<\/p>\n","protected":false},"author":1,"featured_media":0,"parent":0,"menu_order":0,"comment_status":"closed","ping_status":"closed","template":"elementor_header_footer","meta":{"footnotes":""},"class_list":["post-2095","page","type-page","status-publish","hentry"],"_links":{"self":[{"href":"https:\/\/4rent-thessaloniki.com\/de\/wp-json\/wp\/v2\/pages\/2095","targetHints":{"allow":["GET"]}}],"collection":[{"href":"https:\/\/4rent-thessaloniki.com\/de\/wp-json\/wp\/v2\/pages"}],"about":[{"href":"https:\/\/4rent-thessaloniki.com\/de\/wp-json\/wp\/v2\/types\/page"}],"author":[{"embeddable":true,"href":"https:\/\/4rent-thessaloniki.com\/de\/wp-json\/wp\/v2\/users\/1"}],"replies":[{"embeddable":true,"href":"https:\/\/4rent-thessaloniki.com\/de\/wp-json\/wp\/v2\/comments?post=2095"}],"version-history":[{"count":92,"href":"https:\/\/4rent-thessaloniki.com\/de\/wp-json\/wp\/v2\/pages\/2095\/revisions"}],"predecessor-version":[{"id":6348,"href":"https:\/\/4rent-thessaloniki.com\/de\/wp-json\/wp\/v2\/pages\/2095\/revisions\/6348"}],"wp:attachment":[{"href":"https:\/\/4rent-thessaloniki.com\/de\/wp-json\/wp\/v2\/media?parent=2095"}],"curies":[{"name":"wp","href":"https:\/\/api.w.org\/{rel}","templated":true}]}}