{"id":2421,"date":"2025-12-04T15:26:11","date_gmt":"2025-12-04T13:26:11","guid":{"rendered":"https:\/\/4rent-thessaloniki.com\/angebot-2026\/"},"modified":"2026-04-20T19:34:41","modified_gmt":"2026-04-20T16:34:41","slug":"guenstige-angebote-mietwagen-thessaloniki","status":"publish","type":"page","link":"https:\/\/4rent-thessaloniki.com\/de\/guenstige-angebote-mietwagen-thessaloniki\/","title":{"rendered":"Angebot 2026 !"},"content":{"rendered":"\t\t<div data-elementor-type=\"wp-page\" data-elementor-id=\"2421\" class=\"elementor elementor-2421 elementor-357\" data-elementor-post-type=\"page\">\n\t\t\t\t<div class=\"elementor-element elementor-element-7ebaa6a4 e-flex e-con-boxed e-con e-parent\" data-id=\"7ebaa6a4\" data-element_type=\"container\" data-settings=\"{&quot;background_background&quot;:&quot;classic&quot;}\">\n\t\t\t\t\t<div class=\"e-con-inner\">\n\t\t<div class=\"elementor-element elementor-element-79600a46 e-con-full e-flex e-con e-child\" data-id=\"79600a46\" data-element_type=\"container\">\n\t\t\t\t<div class=\"elementor-element elementor-element-fb16b5b elementor-icon-list--layout-inline elementor-align-left elementor-list-item-link-full_width elementor-invisible elementor-widget elementor-widget-icon-list\" data-id=\"fb16b5b\" data-element_type=\"widget\" data-settings=\"{&quot;_animation_delay&quot;:0,&quot;_animation&quot;:&quot;fadeInUp&quot;}\" data-widget_type=\"icon-list.default\">\n\t\t\t\t\t\t\t<ul class=\"elementor-icon-list-items elementor-inline-items\">\n\t\t\t\t\t\t\t<li class=\"elementor-icon-list-item elementor-inline-item\">\n\t\t\t\t\t\t\t\t\t\t\t<a href=\"#\">\n\n\t\t\t\t\t\t\t\t\t\t\t<span class=\"elementor-icon-list-text\">4RENT<\/span>\n\t\t\t\t\t\t\t\t\t\t\t<\/a>\n\t\t\t\t\t\t\t\t\t<\/li>\n\t\t\t\t\t\t\t\t<li class=\"elementor-icon-list-item elementor-inline-item\">\n\t\t\t\t\t\t\t\t\t\t\t<a href=\"#\">\n\n\t\t\t\t\t\t\t\t\t\t\t\t<span class=\"elementor-icon-list-icon\">\n\t\t\t\t\t\t\t<svg aria-hidden=\"true\" class=\"e-font-icon-svg e-fas-square-full\" viewBox=\"0 0 512 512\" xmlns=\"http:\/\/www.w3.org\/2000\/svg\"><path d=\"M512 512H0V0h512v512z\"><\/path><\/svg>\t\t\t\t\t\t<\/span>\n\t\t\t\t\t\t\t\t\t\t<span class=\"elementor-icon-list-text\">THESSALONIKI<\/span>\n\t\t\t\t\t\t\t\t\t\t\t<\/a>\n\t\t\t\t\t\t\t\t\t<\/li>\n\t\t\t\t\t\t<\/ul>\n\t\t\t\t\t\t<\/div>\n\t\t\t\t<div class=\"elementor-element elementor-element-5fe09e8d elementor-invisible elementor-widget elementor-widget-heading\" data-id=\"5fe09e8d\" data-element_type=\"widget\" data-settings=\"{&quot;_animation&quot;:&quot;fadeInUp&quot;,&quot;_animation_delay&quot;:100}\" data-widget_type=\"heading.default\">\n\t\t\t\t\t<h2 class=\"elementor-heading-title elementor-size-default\">ANGEBOT 2026<\/h2>\t\t\t\t<\/div>\n\t\t\t\t<\/div>\n\t\t\t\t\t<\/div>\n\t\t\t\t<\/div>\n\t\t<div class=\"elementor-element elementor-element-2a56a533 e-flex e-con-boxed e-con e-parent\" data-id=\"2a56a533\" data-element_type=\"container\" data-settings=\"{&quot;background_background&quot;:&quot;classic&quot;}\">\n\t\t\t\t\t<div class=\"e-con-inner\">\n\t\t\t\t<div class=\"elementor-element elementor-element-3a49c35a elementor-widget elementor-widget-heading\" data-id=\"3a49c35a\" data-element_type=\"widget\" data-widget_type=\"heading.default\">\n\t\t\t\t\t<h2 class=\"elementor-heading-title elementor-size-default\">[ANGEBOT 2026]<\/h2>\t\t\t\t<\/div>\n\t\t\t\t<div class=\"elementor-element elementor-element-501ad6f6 elementor-widget__width-initial elementor-widget elementor-widget-heading\" data-id=\"501ad6f6\" data-element_type=\"widget\" data-widget_type=\"heading.default\">\n\t\t\t\t\t<h2 class=\"elementor-heading-title elementor-size-default\">Unsere Preise sind im Vergleich zu den von uns angebotenen Dienstleistungen \u00e4u\u00dferst konkurrenzf\u00e4hig.<\/h2>\t\t\t\t<\/div>\n\t\t<div class=\"elementor-element elementor-element-c269b05 e-con-full e-flex e-con e-child\" data-id=\"c269b05\" data-element_type=\"container\">\n\t\t\t\t<div class=\"elementor-element elementor-element-b59b7b5 elementor-widget elementor-widget-text-editor\" data-id=\"b59b7b5\" data-element_type=\"widget\" data-widget_type=\"text-editor.default\">\n\t\t\t\t\t\t\t\t\t<div>Bis zu <strong data-start=\"229\" data-end=\"244\">30% Rabatt<\/strong>. Das Angebot gilt f\u00fcr kurze Zeit und der Rabatt ist automatisch mitberechnet.<br data-start=\"324\" data-end=\"327\" \/>Nach Ihrer Reservierung k\u00f6nnen Sie einen weiteren <strong data-start=\"379\" data-end=\"393\">5% Rabatt<\/strong> auf Ihren Restbetrag beantragen, mit Vorauszahlung und Risiko frei !<br data-start=\"450\" data-end=\"453\" \/>*Gilt f\u00fcr Reservierung mit Mietbeginn den <strong data-start=\"499\" data-end=\"513\">15\/05\/2026<\/strong>.<\/div>\t\t\t\t\t\t\t\t<\/div>\n\t\t\t\t<div class=\"elementor-element elementor-element-1e1cfed elementor-align-center elementor-widget elementor-widget-button\" data-id=\"1e1cfed\" data-element_type=\"widget\" data-widget_type=\"button.default\">\n\t\t\t\t\t\t\t\t\t\t<a class=\"elementor-button elementor-button-link elementor-size-sm\" href=\"https:\/\/4rent-thessaloniki.com\/de\/buchen\/\">\n\t\t\t\t\t\t<span class=\"elementor-button-content-wrapper\">\n\t\t\t\t\t\t\t\t\t<span class=\"elementor-button-text\">ZUR PREIS\u00dcBERSICHT<\/span>\n\t\t\t\t\t<\/span>\n\t\t\t\t\t<\/a>\n\t\t\t\t\t\t\t\t<\/div>\n\t\t\t\t<div class=\"elementor-element elementor-element-c25c53c elementor-widget__width-initial elementor-widget elementor-widget-text-editor\" data-id=\"c25c53c\" data-element_type=\"widget\" data-widget_type=\"text-editor.default\">\n\t\t\t\t\t\t\t\t\t<p><strong>Unser Rundum-Sorglos-Paket ist bei jeder Buchung inklusive:<\/strong><\/p>\n<header><strong>\u2713<\/strong> Vollkaskoschutz ohne <span lang=\"el-GR\">Selbstbeteiligung (inkl. Reifen, Unterboden, Glas) <\/span><\/header>\n<header><strong>\u2713<\/strong> Ohne Kaution ohne Kreditkarte<\/header>\n<header><strong>\u2713<\/strong> Inkl. Zusatzfahrer<\/header>\n<header><strong>\u2713<\/strong> Unbegrenzte Kilometer<\/header>\n<header><strong>\u2713<\/strong> 24 Stunden Bereitstellungsservice f\u00fcr Annahme \u2013 R\u00fcckgabe des Mietwagens<\/header>\n<header><strong>\u2713<\/strong> Gr\u00fcndlich gereinigt<\/header>\n<header><\/header>\n\t\t\t\t\t\t\t\t<\/div>\n\t\t\t\t<div class=\"elementor-element elementor-element-28310f2 elementor-widget elementor-widget-image\" data-id=\"28310f2\" data-element_type=\"widget\" data-widget_type=\"image.default\">\n\t\t\t\t\t\t\t\t\t\t\t\t\t\t\t<img fetchpriority=\"high\" decoding=\"async\" width=\"1200\" height=\"628\" src=\"https:\/\/4rent-thessaloniki.com\/wp-content\/uploads\/2026\/01\/20-\u03b5\u03c5\u03c1\u03ce-\u03c4\u03b7\u03bd-\u03b7\u03bc\u03ad\u03c1\u03b1-1200-x-628-px-4.png\" class=\"attachment-full size-full wp-image-3287\" alt=\"\" srcset=\"https:\/\/4rent-thessaloniki.com\/wp-content\/uploads\/2026\/01\/20-\u03b5\u03c5\u03c1\u03ce-\u03c4\u03b7\u03bd-\u03b7\u03bc\u03ad\u03c1\u03b1-1200-x-628-px-4.png 1200w, https:\/\/4rent-thessaloniki.com\/wp-content\/uploads\/2026\/01\/20-\u03b5\u03c5\u03c1\u03ce-\u03c4\u03b7\u03bd-\u03b7\u03bc\u03ad\u03c1\u03b1-1200-x-628-px-4-300x157.png 300w, https:\/\/4rent-thessaloniki.com\/wp-content\/uploads\/2026\/01\/20-\u03b5\u03c5\u03c1\u03ce-\u03c4\u03b7\u03bd-\u03b7\u03bc\u03ad\u03c1\u03b1-1200-x-628-px-4-1024x536.png 1024w, https:\/\/4rent-thessaloniki.com\/wp-content\/uploads\/2026\/01\/20-\u03b5\u03c5\u03c1\u03ce-\u03c4\u03b7\u03bd-\u03b7\u03bc\u03ad\u03c1\u03b1-1200-x-628-px-4-768x402.png 768w\" sizes=\"(max-width: 1200px) 100vw, 1200px\" \/>\t\t\t\t\t\t\t\t\t\t\t\t\t\t\t<\/div>\n\t\t\t\t<\/div>\n\t\t\t\t\t<\/div>\n\t\t\t\t<\/div>\n\t\t\t\t<\/div>\n\t\t","protected":false},"excerpt":{"rendered":"<p>4RENT THESSALONIKI ANGEBOT 2026 [ANGEBOT 2026] Unsere Preise sind im Vergleich zu den von uns angebotenen Dienstleistungen \u00e4u\u00dferst konkurrenzf\u00e4hig. Bis zu 30% Rabatt. Das Angebot gilt f\u00fcr kurze Zeit und der Rabatt ist automatisch mitberechnet.Nach Ihrer Reservierung k\u00f6nnen Sie einen weiteren 5% Rabatt auf Ihren Restbetrag beantragen, mit Vorauszahlung und Risiko frei !*Gilt f\u00fcr Reservierung [&hellip;]<\/p>\n","protected":false},"author":1,"featured_media":0,"parent":0,"menu_order":0,"comment_status":"closed","ping_status":"closed","template":"","meta":{"footnotes":""},"class_list":["post-2421","page","type-page","status-publish","hentry"],"_links":{"self":[{"href":"https:\/\/4rent-thessaloniki.com\/de\/wp-json\/wp\/v2\/pages\/2421","targetHints":{"allow":["GET"]}}],"collection":[{"href":"https:\/\/4rent-thessaloniki.com\/de\/wp-json\/wp\/v2\/pages"}],"about":[{"href":"https:\/\/4rent-thessaloniki.com\/de\/wp-json\/wp\/v2\/types\/page"}],"author":[{"embeddable":true,"href":"https:\/\/4rent-thessaloniki.com\/de\/wp-json\/wp\/v2\/users\/1"}],"replies":[{"embeddable":true,"href":"https:\/\/4rent-thessaloniki.com\/de\/wp-json\/wp\/v2\/comments?post=2421"}],"version-history":[{"count":47,"href":"https:\/\/4rent-thessaloniki.com\/de\/wp-json\/wp\/v2\/pages\/2421\/revisions"}],"predecessor-version":[{"id":6354,"href":"https:\/\/4rent-thessaloniki.com\/de\/wp-json\/wp\/v2\/pages\/2421\/revisions\/6354"}],"wp:attachment":[{"href":"https:\/\/4rent-thessaloniki.com\/de\/wp-json\/wp\/v2\/media?parent=2421"}],"curies":[{"name":"wp","href":"https:\/\/api.w.org\/{rel}","templated":true}]}}