{"id":2431,"date":"2025-12-04T16:03:14","date_gmt":"2025-12-04T14:03:14","guid":{"rendered":"https:\/\/4rent-thessaloniki.com\/4rent-vs-konkurrenz\/"},"modified":"2026-04-11T13:35:30","modified_gmt":"2026-04-11T10:35:30","slug":"4rent-vs-konkurrenz","status":"publish","type":"page","link":"https:\/\/4rent-thessaloniki.com\/de\/auto-mieten-thessaloniki-ohne-kreditkarte\/4rent-vs-konkurrenz\/","title":{"rendered":"4rent vs Konkurrenz"},"content":{"rendered":"\t\t<div data-elementor-type=\"wp-page\" data-elementor-id=\"2431\" class=\"elementor elementor-2431 elementor-400\" data-elementor-post-type=\"page\">\n\t\t\t\t<div class=\"elementor-element elementor-element-178be251 e-flex e-con-boxed e-con e-parent\" data-id=\"178be251\" data-element_type=\"container\" data-settings=\"{&quot;background_background&quot;:&quot;classic&quot;}\">\n\t\t\t\t\t<div class=\"e-con-inner\">\n\t\t<div class=\"elementor-element elementor-element-154ad280 e-con-full e-flex e-con e-child\" data-id=\"154ad280\" data-element_type=\"container\">\n\t\t\t\t<div class=\"elementor-element elementor-element-0f54d0b elementor-icon-list--layout-inline elementor-align-left elementor-list-item-link-full_width elementor-invisible elementor-widget elementor-widget-icon-list\" data-id=\"0f54d0b\" data-element_type=\"widget\" data-settings=\"{&quot;_animation_delay&quot;:0,&quot;_animation&quot;:&quot;fadeInUp&quot;}\" data-widget_type=\"icon-list.default\">\n\t\t\t\t\t\t\t<ul class=\"elementor-icon-list-items elementor-inline-items\">\n\t\t\t\t\t\t\t<li class=\"elementor-icon-list-item elementor-inline-item\">\n\t\t\t\t\t\t\t\t\t\t\t<a href=\"#\">\n\n\t\t\t\t\t\t\t\t\t\t\t<span class=\"elementor-icon-list-text\">4RENT<\/span>\n\t\t\t\t\t\t\t\t\t\t\t<\/a>\n\t\t\t\t\t\t\t\t\t<\/li>\n\t\t\t\t\t\t\t\t<li class=\"elementor-icon-list-item elementor-inline-item\">\n\t\t\t\t\t\t\t\t\t\t\t<a href=\"#\">\n\n\t\t\t\t\t\t\t\t\t\t\t\t<span class=\"elementor-icon-list-icon\">\n\t\t\t\t\t\t\t<svg aria-hidden=\"true\" class=\"e-font-icon-svg e-fas-square-full\" viewBox=\"0 0 512 512\" xmlns=\"http:\/\/www.w3.org\/2000\/svg\"><path d=\"M512 512H0V0h512v512z\"><\/path><\/svg>\t\t\t\t\t\t<\/span>\n\t\t\t\t\t\t\t\t\t\t<span class=\"elementor-icon-list-text\">THESSALONIKI<\/span>\n\t\t\t\t\t\t\t\t\t\t\t<\/a>\n\t\t\t\t\t\t\t\t\t<\/li>\n\t\t\t\t\t\t<\/ul>\n\t\t\t\t\t\t<\/div>\n\t\t\t\t<div class=\"elementor-element elementor-element-444bfed2 elementor-invisible elementor-widget elementor-widget-heading\" data-id=\"444bfed2\" data-element_type=\"widget\" data-settings=\"{&quot;_animation&quot;:&quot;fadeInUp&quot;,&quot;_animation_delay&quot;:100}\" data-widget_type=\"heading.default\">\n\t\t\t\t\t<h2 class=\"elementor-heading-title elementor-size-default\">4RENT VS KONKURRENZ<\/h2>\t\t\t\t<\/div>\n\t\t\t\t<\/div>\n\t\t\t\t\t<\/div>\n\t\t\t\t<\/div>\n\t\t<div class=\"elementor-element elementor-element-25d5c3ec e-flex e-con-boxed e-con e-parent\" data-id=\"25d5c3ec\" data-element_type=\"container\" data-settings=\"{&quot;background_background&quot;:&quot;classic&quot;}\">\n\t\t\t\t\t<div class=\"e-con-inner\">\n\t\t<div class=\"elementor-element elementor-element-51060dd2 e-con-full e-flex elementor-invisible e-con e-child\" data-id=\"51060dd2\" data-element_type=\"container\" data-settings=\"{&quot;animation&quot;:&quot;fadeInUp&quot;}\">\n\t\t\t\t<div class=\"elementor-element elementor-element-431877d0 elementor-widget__width-initial elementor-widget elementor-widget-heading\" data-id=\"431877d0\" data-element_type=\"widget\" data-widget_type=\"heading.default\">\n\t\t\t\t\t<h2 class=\"elementor-heading-title elementor-size-default\">4rent im Vergleich zur Konkurrenz<\/h2>\t\t\t\t<\/div>\n\t\t\t\t<\/div>\n\t\t<div class=\"elementor-element elementor-element-7a3e8d24 e-con-full e-grid e-con e-child\" data-id=\"7a3e8d24\" data-element_type=\"container\">\n\t\t<div class=\"elementor-element elementor-element-152a3843 e-con-full e-flex elementor-invisible e-con e-child\" data-id=\"152a3843\" data-element_type=\"container\" data-settings=\"{&quot;background_background&quot;:&quot;classic&quot;,&quot;animation&quot;:&quot;fadeInUp&quot;,&quot;animation_delay&quot;:100}\">\n\t\t<div class=\"elementor-element elementor-element-4fa2ce49 e-con-full e-flex e-con e-child\" data-id=\"4fa2ce49\" data-element_type=\"container\">\n\t\t\t\t<div class=\"elementor-element elementor-element-6e9dc8c3 elementor-widget elementor-widget-heading\" data-id=\"6e9dc8c3\" data-element_type=\"widget\" data-widget_type=\"heading.default\">\n\t\t\t\t\t<h2 class=\"elementor-heading-title elementor-size-default\">4rent Thessaloniki<\/h2>\t\t\t\t<\/div>\n\t\t\t\t<div class=\"elementor-element elementor-element-7bf9a939 elementor-widget elementor-widget-text-editor\" data-id=\"7bf9a939\" data-element_type=\"widget\" data-widget_type=\"text-editor.default\">\n\t\t\t\t\t\t\t\t\t<div>\u2705 Sie wissen genau, bei welchem Unternehmen Sie buchen<strong> ohne Drittanbieter<\/strong><\/div><div>\u2705 <strong>Vollkaskoschutz ohne<\/strong> <strong>Selbstbeteiligung<\/strong><\/div><div>\u2705<strong> Inklusive Reifen, Unterboden und Glas<\/strong><\/div><div><strong>\u2705<\/strong><strong> Ohne Kaution\u00a0<\/strong><\/div><div><strong>\u2705<\/strong><strong> Ohne Kreditkarte<\/strong><\/div><div>\u2705<strong> Alle Zahlungsmethoden<\/strong> werden akzeptiert<\/div><div>\u2705 Inklusive <strong>Zusatzfahrer<\/strong><\/div><div>\u2705 <strong>Unbegrenzte<\/strong> Kilometer<\/div><div>\u2705 <strong>Modernste Flotte<\/strong> auf dem Markt<\/div><div>\u2705 <strong>Ohne Schadensprotokoll<\/strong> bei Annahme<\/div><div>\u2705 Anzahlung nur <strong>49,00\u20ac<\/strong><\/div><div>\u2705 <strong>Kostenfreie Stornierung<\/strong> mit dem Premium-Paket<\/div><div><strong>\u2705<\/strong><strong> Versicherungsschutz<\/strong> f\u00fcr F\u00e4hr\u00fcberfahrten<\/div><div>\u2705 <strong>Saubere, gepflegte Autos<\/strong><\/div><div>\u2705 <strong>24-Stunden-Bereitstellungsservice<\/strong> f\u00fcr Annahme und R\u00fcckgabe, egal ob Flugversp\u00e4tung, wir sind rund um die Uhr f\u00fcr Sie da (niemand muss am Flughafen \u00fcbernachten)<\/div><div>\u2705 <strong>24h Erreichbarkeit<\/strong> in Notf\u00e4llen<\/div><div>\u2705 <strong>Kostenfreien Shuttle-BUS<\/strong><\/div><div>\u2705 <strong>Kindersitz<\/strong> pauschal ab <strong>10,00\u20ac<\/strong> pro Sitz\/Buchung<\/div><div>\u2705 \u00dcber <strong>3000 positive Bewertungen auf Google und Trustpilot <\/strong><strong>\u2b50\ufe0f\u2b50\ufe0f\u2b50\ufe0f\u2b50\ufe0f\u2b50\ufe0f<\/strong><\/div><div>\u2705 Fast jeder von uns spricht auch Deutsch<\/div>\t\t\t\t\t\t\t\t<\/div>\n\t\t\t\t<\/div>\n\t\t\t\t<\/div>\n\t\t<div class=\"elementor-element elementor-element-4d459fa5 e-con-full e-flex elementor-invisible e-con e-child\" data-id=\"4d459fa5\" data-element_type=\"container\" data-settings=\"{&quot;background_background&quot;:&quot;classic&quot;,&quot;animation&quot;:&quot;fadeInUp&quot;,&quot;animation_delay&quot;:200}\">\n\t\t<div class=\"elementor-element elementor-element-5dfec228 e-con-full e-flex e-con e-child\" data-id=\"5dfec228\" data-element_type=\"container\">\n\t\t\t\t<div class=\"elementor-element elementor-element-d6f30fb elementor-widget elementor-widget-heading\" data-id=\"d6f30fb\" data-element_type=\"widget\" data-widget_type=\"heading.default\">\n\t\t\t\t\t<h2 class=\"elementor-heading-title elementor-size-default\">Andere Autovermieter in Thessaloniki<\/h2>\t\t\t\t<\/div>\n\t\t\t\t<div class=\"elementor-element elementor-element-5fe3cbaa elementor-widget elementor-widget-text-editor\" data-id=\"5fe3cbaa\" data-element_type=\"widget\" data-widget_type=\"text-editor.default\">\n\t\t\t\t\t\t\t\t\t<p>\u274c Sie wissen im Voraus nicht, bei welchem Unternehmen Ihre Buchung letztendlich landet.<br \/>\u274c Ohne Vollkasko<br \/>\u274c Kein Schutz f\u00fcr Reifen, Unterboden und Glas<br \/>\u274c Mit hoher Selbstbeteiligung <br \/>\u274c Falls ohne Selbstbeteiligung wird trotzdem Kaution ben\u00f6tigt, Blockierung von Kaution auf der Kreditkarte sowie Vorabzahlung im Schadensfall<br \/>\u274c Mit Kaution <br \/>\u274c Kreditkarte des Fahrers zwingend auf den Namen des Fahrers<br \/>\u274c Zweiter Fahrer gegen Aufpreis<br \/>\u274c Kilometerbegrenzung<br \/>\u274c Aufpreis f\u00fcr neuere oder bessere Fahrzeuge<br \/>\u274c Ausf\u00fchrliches Schadensprotokoll mit Lupe<br \/>\u274c Vollst\u00e4ndige Vorauszahlung<br \/>\u274c Keine kostenfreie Stornierung<br \/>\u274c Ohne Versicherungsschutz f\u00fcr die F\u00e4hr\u00fcberfahrt<br \/>\u274c Keine saubere gepflegte Autos<br \/>\u274c Schlie\u00dfen einfach um 22:00 bis 8:00 (egal ob Flugversp\u00e4tung)<br \/>\u274c Keine 24h Erreichbarkeit in Notf\u00e4llen<br \/>\u2705 Kostenfreien Shuttle-BUS<br \/>\u274c Kindersitze durchschnitt ab 7,00\u20ac pro Tag<br \/>\u274c Bewertungen sorgf\u00e4ltig pr\u00fcfen<\/p>\t\t\t\t\t\t\t\t<\/div>\n\t\t\t\t<\/div>\n\t\t\t\t<\/div>\n\t\t\t\t<\/div>\n\t\t\t\t\t<\/div>\n\t\t\t\t<\/div>\n\t\t<div class=\"elementor-element elementor-element-875c943 e-flex e-con-boxed e-con e-parent\" data-id=\"875c943\" data-element_type=\"container\">\n\t\t\t\t\t<div class=\"e-con-inner\">\n\t\t\t\t<div class=\"elementor-element elementor-element-2d0bcc0 elementor-widget elementor-widget-video\" data-id=\"2d0bcc0\" data-element_type=\"widget\" data-settings=\"{&quot;youtube_url&quot;:&quot;https:\\\/\\\/youtu.be\\\/8qhYxsDWxSY&quot;,&quot;video_type&quot;:&quot;youtube&quot;,&quot;controls&quot;:&quot;yes&quot;}\" data-widget_type=\"video.default\">\n\t\t\t\t\t\t\t<div class=\"elementor-wrapper elementor-open-inline\">\n\t\t\t<div class=\"elementor-video\"><\/div>\t\t<\/div>\n\t\t\t\t\t\t<\/div>\n\t\t\t\t\t<\/div>\n\t\t\t\t<\/div>\n\t\t\t\t<\/div>\n\t\t","protected":false},"excerpt":{"rendered":"<p>4RENT THESSALONIKI 4RENT VS KONKURRENZ 4rent im Vergleich zur Konkurrenz 4rent Thessaloniki \u2705 Sie wissen genau, bei welchem Unternehmen Sie buchen ohne Drittanbieter\u2705 Vollkaskoschutz ohne Selbstbeteiligung\u2705 Inklusive Reifen, Unterboden und Glas\u2705 Ohne Kaution\u00a0\u2705 Ohne Kreditkarte\u2705 Alle Zahlungsmethoden werden akzeptiert\u2705 Inklusive Zusatzfahrer\u2705 Unbegrenzte Kilometer\u2705 Modernste Flotte auf dem Markt\u2705 Ohne Schadensprotokoll bei Annahme\u2705 Anzahlung nur 49,00\u20ac\u2705 [&hellip;]<\/p>\n","protected":false},"author":1,"featured_media":0,"parent":3907,"menu_order":0,"comment_status":"closed","ping_status":"closed","template":"","meta":{"footnotes":""},"class_list":["post-2431","page","type-page","status-publish","hentry"],"_links":{"self":[{"href":"https:\/\/4rent-thessaloniki.com\/de\/wp-json\/wp\/v2\/pages\/2431","targetHints":{"allow":["GET"]}}],"collection":[{"href":"https:\/\/4rent-thessaloniki.com\/de\/wp-json\/wp\/v2\/pages"}],"about":[{"href":"https:\/\/4rent-thessaloniki.com\/de\/wp-json\/wp\/v2\/types\/page"}],"author":[{"embeddable":true,"href":"https:\/\/4rent-thessaloniki.com\/de\/wp-json\/wp\/v2\/users\/1"}],"replies":[{"embeddable":true,"href":"https:\/\/4rent-thessaloniki.com\/de\/wp-json\/wp\/v2\/comments?post=2431"}],"version-history":[{"count":13,"href":"https:\/\/4rent-thessaloniki.com\/de\/wp-json\/wp\/v2\/pages\/2431\/revisions"}],"predecessor-version":[{"id":6079,"href":"https:\/\/4rent-thessaloniki.com\/de\/wp-json\/wp\/v2\/pages\/2431\/revisions\/6079"}],"up":[{"embeddable":true,"href":"https:\/\/4rent-thessaloniki.com\/de\/wp-json\/wp\/v2\/pages\/3907"}],"wp:attachment":[{"href":"https:\/\/4rent-thessaloniki.com\/de\/wp-json\/wp\/v2\/media?parent=2431"}],"curies":[{"name":"wp","href":"https:\/\/api.w.org\/{rel}","templated":true}]}}