{"id":2433,"date":"2025-12-05T12:26:39","date_gmt":"2025-12-05T10:26:39","guid":{"rendered":"https:\/\/4rent-thessaloniki.com\/premium-paket\/"},"modified":"2026-02-14T09:33:21","modified_gmt":"2026-02-14T07:33:21","slug":"premium-paket","status":"publish","type":"page","link":"https:\/\/4rent-thessaloniki.com\/de\/auto-mieten-thessaloniki-ohne-kreditkarte\/premium-paket\/","title":{"rendered":"Premium Paket"},"content":{"rendered":"\t\t<div data-elementor-type=\"wp-page\" data-elementor-id=\"2433\" class=\"elementor elementor-2433 elementor-444\" data-elementor-post-type=\"page\">\n\t\t\t\t<div class=\"elementor-element elementor-element-2d0fcd2e e-flex e-con-boxed e-con e-parent\" data-id=\"2d0fcd2e\" data-element_type=\"container\" data-settings=\"{&quot;background_background&quot;:&quot;classic&quot;}\">\n\t\t\t\t\t<div class=\"e-con-inner\">\n\t\t<div class=\"elementor-element elementor-element-5ae44549 e-con-full e-flex e-con e-child\" data-id=\"5ae44549\" data-element_type=\"container\">\n\t\t\t\t<div class=\"elementor-element elementor-element-89ce92b elementor-icon-list--layout-inline elementor-align-left elementor-list-item-link-full_width elementor-invisible elementor-widget elementor-widget-icon-list\" data-id=\"89ce92b\" data-element_type=\"widget\" data-settings=\"{&quot;_animation_delay&quot;:0,&quot;_animation&quot;:&quot;fadeInUp&quot;}\" data-widget_type=\"icon-list.default\">\n\t\t\t\t\t\t\t<ul class=\"elementor-icon-list-items elementor-inline-items\">\n\t\t\t\t\t\t\t<li class=\"elementor-icon-list-item elementor-inline-item\">\n\t\t\t\t\t\t\t\t\t\t\t<a href=\"#\">\n\n\t\t\t\t\t\t\t\t\t\t\t<span class=\"elementor-icon-list-text\">4RENT<\/span>\n\t\t\t\t\t\t\t\t\t\t\t<\/a>\n\t\t\t\t\t\t\t\t\t<\/li>\n\t\t\t\t\t\t\t\t<li class=\"elementor-icon-list-item elementor-inline-item\">\n\t\t\t\t\t\t\t\t\t\t\t<a href=\"#\">\n\n\t\t\t\t\t\t\t\t\t\t\t\t<span class=\"elementor-icon-list-icon\">\n\t\t\t\t\t\t\t<svg aria-hidden=\"true\" class=\"e-font-icon-svg e-fas-square-full\" viewBox=\"0 0 512 512\" xmlns=\"http:\/\/www.w3.org\/2000\/svg\"><path d=\"M512 512H0V0h512v512z\"><\/path><\/svg>\t\t\t\t\t\t<\/span>\n\t\t\t\t\t\t\t\t\t\t<span class=\"elementor-icon-list-text\">THESSALONIKI<\/span>\n\t\t\t\t\t\t\t\t\t\t\t<\/a>\n\t\t\t\t\t\t\t\t\t<\/li>\n\t\t\t\t\t\t<\/ul>\n\t\t\t\t\t\t<\/div>\n\t\t\t\t<div class=\"elementor-element elementor-element-3c39a3ae elementor-invisible elementor-widget elementor-widget-heading\" data-id=\"3c39a3ae\" data-element_type=\"widget\" data-settings=\"{&quot;_animation&quot;:&quot;fadeInUp&quot;,&quot;_animation_delay&quot;:100}\" data-widget_type=\"heading.default\">\n\t\t\t\t\t<h2 class=\"elementor-heading-title elementor-size-default\">PREMIUM PAKET<\/h2>\t\t\t\t<\/div>\n\t\t\t\t<\/div>\n\t\t\t\t\t<\/div>\n\t\t\t\t<\/div>\n\t\t<div class=\"elementor-element elementor-element-3408e747 e-flex e-con-boxed e-con e-parent\" data-id=\"3408e747\" data-element_type=\"container\" data-settings=\"{&quot;background_background&quot;:&quot;classic&quot;}\">\n\t\t\t\t\t<div class=\"e-con-inner\">\n\t\t<div class=\"elementor-element elementor-element-38459bc7 e-con-full e-flex elementor-invisible e-con e-child\" data-id=\"38459bc7\" data-element_type=\"container\" data-settings=\"{&quot;animation&quot;:&quot;fadeInUp&quot;}\">\n\t\t\t\t<div class=\"elementor-element elementor-element-655932b elementor-widget elementor-widget-heading\" data-id=\"655932b\" data-element_type=\"widget\" data-widget_type=\"heading.default\">\n\t\t\t\t\t<h2 class=\"elementor-heading-title elementor-size-default\">[Premium Paket]<\/h2>\t\t\t\t<\/div>\n\t\t\t\t<div class=\"elementor-element elementor-element-1584bf72 elementor-widget__width-initial elementor-widget elementor-widget-heading\" data-id=\"1584bf72\" data-element_type=\"widget\" data-widget_type=\"heading.default\">\n\t\t\t\t\t<h2 class=\"elementor-heading-title elementor-size-default\">Premium Paket mit nur 1,00\u20ac pro Tag<\/h2>\t\t\t\t<\/div>\n\t\t\t\t<div class=\"elementor-element elementor-element-8bffbd6 elementor-widget elementor-widget-text-editor\" data-id=\"8bffbd6\" data-element_type=\"widget\" data-widget_type=\"text-editor.default\">\n\t\t\t\t\t\t\t\t\t<p>Mit der Auswahl Premium-Paket erhalten Sie au\u00dferdem Zugriff auf zus\u00e4tzlichen Services wie kostenlose Stornierung, \u00c4nderungen.<\/p>\n<div>\n<p><strong>\u2713 <\/strong>Umbuchen kostenfrei (Preisanpassung +\/- Preisdifferenz aktuellen Preisliste)<\/p>\n<div><span class=\"VIiyi\" lang=\"el\"><span class=\"JLqJ4b ChMk0b\" data-language-for-alternatives=\"el\" data-language-to-translate-into=\"de\" data-phrase-index=\"0\" data-number-of-phrases=\"2\"><strong>\u2713<\/strong><\/span><\/span> Stornieren bis 48 Stunden vor Ankunft kostenfrei<span class=\"VIiyi\" lang=\"el\"><span class=\"JLqJ4b ChMk0b\" data-language-for-alternatives=\"el\" data-language-to-translate-into=\"de\" data-phrase-index=\"0\" data-number-of-phrases=\"2\"><strong>.<\/strong><\/span><\/span><\/div>\n<p><strong>\u2713<\/strong> Versicherungsschutz f\u00fcr die F\u00e4hr\u00fcberfahrt (z. B. Thassos)<\/p>\n<\/div>\n<p><\/p>\n<div><strong>\u2713<\/strong> Mitgliedskarte = 10 % Rabatt auf Ihre n\u00e4chste Buchung<\/div>\n\t\t\t\t\t\t\t\t<\/div>\n\t\t\t\t<\/div>\n\t\t\t\t<div class=\"elementor-element elementor-element-582f0d67 elementor-widget elementor-widget-heading\" data-id=\"582f0d67\" data-element_type=\"widget\" data-widget_type=\"heading.default\">\n\t\t\t\t\t<h2 class=\"elementor-heading-title elementor-size-default\">Ihre Vorteile als Premiumkunde f\u00fcr nur 1,00 \u20ac pro Tag.<\/h2>\t\t\t\t<\/div>\n\t\t\t\t<div class=\"elementor-element elementor-element-e27668b elementor-widget elementor-widget-text-editor\" data-id=\"e27668b\" data-element_type=\"widget\" data-widget_type=\"text-editor.default\">\n\t\t\t\t\t\t\t\t\t<p>Sie erhalten einen 10 % Rabattcode, den Sie bei Ihrer n\u00e4chsten Reservierung einl\u00f6sen k\u00f6nnen.<\/p>\t\t\t\t\t\t\t\t<\/div>\n\t\t<div class=\"elementor-element elementor-element-0cb37be e-con-full e-flex e-con e-child\" data-id=\"0cb37be\" data-element_type=\"container\">\n\t\t\t\t<div class=\"elementor-element elementor-element-6a7fc5a elementor-widget__width-inherit elementor-widget elementor-widget-heading\" data-id=\"6a7fc5a\" data-element_type=\"widget\" data-widget_type=\"heading.default\">\n\t\t\t\t\t<h2 class=\"elementor-heading-title elementor-size-default\">Regular vs Premium<\/h2>\t\t\t\t<\/div>\n\t\t<div class=\"elementor-element elementor-element-fa3c23c e-con-full e-grid cmp-grid e-con e-child\" data-id=\"fa3c23c\" data-element_type=\"container\" data-settings=\"{&quot;background_background&quot;:&quot;classic&quot;}\">\n\t\t\t\t<div class=\"elementor-element elementor-element-acba60d col-features elementor-widget elementor-widget-text-editor\" data-id=\"acba60d\" data-element_type=\"widget\" data-widget_type=\"text-editor.default\">\n\t\t\t\t\t\t\t\t\t<p data-start=\"210\" data-end=\"220\">Neue Autos<\/p>\n\t\t\t\t\t\t\t\t<\/div>\n\t\t\t\t<div class=\"elementor-element elementor-element-40fbfd1 col-features elementor-widget elementor-widget-text-editor\" data-id=\"40fbfd1\" data-element_type=\"widget\" data-widget_type=\"text-editor.default\">\n\t\t\t\t\t\t\t\t\t<p>Umbuchen<\/p>\n\t\t\t\t\t\t\t\t<\/div>\n\t\t\t\t<div class=\"elementor-element elementor-element-c35f3f6 col-features elementor-widget elementor-widget-text-editor\" data-id=\"c35f3f6\" data-element_type=\"widget\" data-widget_type=\"text-editor.default\">\n\t\t\t\t\t\t\t\t\t<p>Stornieren bis 2 Tage vor Ankunft<\/p>\n\t\t\t\t\t\t\t\t<\/div>\n\t\t\t\t<div class=\"elementor-element elementor-element-4b52774 col-features elementor-widget elementor-widget-text-editor\" data-id=\"4b52774\" data-element_type=\"widget\" data-widget_type=\"text-editor.default\">\n\t\t\t\t\t\t\t\t\t<p>Member Karte = 10 % Rabatt auf Ihre n\u00e4chste Buchung<\/p>\n\t\t\t\t\t\t\t\t<\/div>\n\t\t\t\t<div class=\"elementor-element elementor-element-5f43725 col-features elementor-widget elementor-widget-text-editor\" data-id=\"5f43725\" data-element_type=\"widget\" data-widget_type=\"text-editor.default\">\n\t\t\t\t\t\t\t\t\t<p>Versicherungsschutz f\u00fcr F\u00e4hr\u00fcberfahrt (z.B Thassos)<\/p>\n\t\t\t\t\t\t\t\t<\/div>\n\t\t\t\t<div class=\"elementor-element elementor-element-03af87f col-features elementor-widget elementor-widget-text-editor\" data-id=\"03af87f\" data-element_type=\"widget\" data-widget_type=\"text-editor.default\">\n\t\t\t\t\t\t\t\t\t<p>Bevorzugte Abwicklung &amp; Online Check-in<\/p>\n\t\t\t\t\t\t\t\t<\/div>\n\t\t\t\t<div class=\"elementor-element elementor-element-ea36e7c col-regular elementor-widget elementor-widget-text-editor\" data-id=\"ea36e7c\" data-element_type=\"widget\" data-widget_type=\"text-editor.default\">\n\t\t\t\t\t\t\t\t\t<p><strong>\u2713<\/strong><\/p>\n\t\t\t\t\t\t\t\t<\/div>\n\t\t\t\t<div class=\"elementor-element elementor-element-b5f1f07 col-regular elementor-widget elementor-widget-text-editor\" data-id=\"b5f1f07\" data-element_type=\"widget\" data-widget_type=\"text-editor.default\">\n\t\t\t\t\t\t\t\t\t<p>\u2717<\/p>\n\t\t\t\t\t\t\t\t<\/div>\n\t\t\t\t<div class=\"elementor-element elementor-element-eea0538 col-regular elementor-widget elementor-widget-text-editor\" data-id=\"eea0538\" data-element_type=\"widget\" data-widget_type=\"text-editor.default\">\n\t\t\t\t\t\t\t\t\t<p>\u2717<\/p>\n\t\t\t\t\t\t\t\t<\/div>\n\t\t\t\t<div class=\"elementor-element elementor-element-01f874a col-regular elementor-widget elementor-widget-text-editor\" data-id=\"01f874a\" data-element_type=\"widget\" data-widget_type=\"text-editor.default\">\n\t\t\t\t\t\t\t\t\t<p>\u2717<\/p>\n\t\t\t\t\t\t\t\t<\/div>\n\t\t\t\t<div class=\"elementor-element elementor-element-ff3e165 col-regular elementor-widget elementor-widget-text-editor\" data-id=\"ff3e165\" data-element_type=\"widget\" data-widget_type=\"text-editor.default\">\n\t\t\t\t\t\t\t\t\t<p>\u2717<\/p>\n\t\t\t\t\t\t\t\t<\/div>\n\t\t\t\t<div class=\"elementor-element elementor-element-d3216be col-regular elementor-widget elementor-widget-text-editor\" data-id=\"d3216be\" data-element_type=\"widget\" data-widget_type=\"text-editor.default\">\n\t\t\t\t\t\t\t\t\t<p>\u2717<\/p>\n\t\t\t\t\t\t\t\t<\/div>\n\t\t\t\t<div class=\"elementor-element elementor-element-ff5dcb0 col-premium elementor-widget elementor-widget-text-editor\" data-id=\"ff5dcb0\" data-element_type=\"widget\" data-widget_type=\"text-editor.default\">\n\t\t\t\t\t\t\t\t\t<p><strong>\u2713<\/strong><\/p>\n\t\t\t\t\t\t\t\t<\/div>\n\t\t\t\t<div class=\"elementor-element elementor-element-8981d1e col-premium elementor-widget elementor-widget-text-editor\" data-id=\"8981d1e\" data-element_type=\"widget\" data-widget_type=\"text-editor.default\">\n\t\t\t\t\t\t\t\t\t<p><strong>\u2713<\/strong><\/p>\n\t\t\t\t\t\t\t\t<\/div>\n\t\t\t\t<div class=\"elementor-element elementor-element-803896d col-premium elementor-widget elementor-widget-text-editor\" data-id=\"803896d\" data-element_type=\"widget\" data-widget_type=\"text-editor.default\">\n\t\t\t\t\t\t\t\t\t<p><strong>\u2713<\/strong><\/p>\n\t\t\t\t\t\t\t\t<\/div>\n\t\t\t\t<div class=\"elementor-element elementor-element-9de2935 col-premium elementor-widget elementor-widget-text-editor\" data-id=\"9de2935\" data-element_type=\"widget\" data-widget_type=\"text-editor.default\">\n\t\t\t\t\t\t\t\t\t<p><strong>\u2713<\/strong><\/p>\n\t\t\t\t\t\t\t\t<\/div>\n\t\t\t\t<div class=\"elementor-element elementor-element-a13f8d4 col-premium elementor-widget elementor-widget-text-editor\" data-id=\"a13f8d4\" data-element_type=\"widget\" data-widget_type=\"text-editor.default\">\n\t\t\t\t\t\t\t\t\t<p><strong>\u2713<\/strong><\/p>\n\t\t\t\t\t\t\t\t<\/div>\n\t\t\t\t<div class=\"elementor-element elementor-element-b613688 col-premium elementor-widget elementor-widget-text-editor\" data-id=\"b613688\" data-element_type=\"widget\" data-widget_type=\"text-editor.default\">\n\t\t\t\t\t\t\t\t\t<p><strong>\u2713<\/strong><\/p>\n\t\t\t\t\t\t\t\t<\/div>\n\t\t\t\t<\/div>\n\t\t\t\t<\/div>\n\t\t<div class=\"elementor-element elementor-element-4af8e46 e-con-full e-flex e-con e-child\" data-id=\"4af8e46\" data-element_type=\"container\">\n\t\t\t\t<div class=\"elementor-element elementor-element-a691cca elementor-align-center elementor-widget elementor-widget-button\" data-id=\"a691cca\" data-element_type=\"widget\" data-widget_type=\"button.default\">\n\t\t\t\t\t\t\t\t\t\t<a class=\"elementor-button elementor-button-link elementor-size-sm\" href=\"https:\/\/4rent-thessaloniki.com\/de\/buchen\/\">\n\t\t\t\t\t\t<span class=\"elementor-button-content-wrapper\">\n\t\t\t\t\t\t\t\t\t<span class=\"elementor-button-text\"> ZUR FAHRZEUGAUSWAHL<\/span>\n\t\t\t\t\t<\/span>\n\t\t\t\t\t<\/a>\n\t\t\t\t\t\t\t\t<\/div>\n\t\t\t\t<\/div>\n\t\t\t\t\t<\/div>\n\t\t\t\t<\/div>\n\t\t\t\t<\/div>\n\t\t","protected":false},"excerpt":{"rendered":"<p>4RENT THESSALONIKI PREMIUM PAKET [Premium Paket] Premium Paket mit nur 1,00\u20ac pro Tag Mit der Auswahl Premium-Paket erhalten Sie au\u00dferdem Zugriff auf zus\u00e4tzlichen Services wie kostenlose Stornierung, \u00c4nderungen. \u2713 Umbuchen kostenfrei (Preisanpassung +\/- Preisdifferenz aktuellen Preisliste) \u2713 Stornieren bis 48 Stunden vor Ankunft kostenfrei. \u2713 Versicherungsschutz f\u00fcr die F\u00e4hr\u00fcberfahrt (z. B. Thassos) \u2713 Mitgliedskarte = [&hellip;]<\/p>\n","protected":false},"author":1,"featured_media":0,"parent":3907,"menu_order":0,"comment_status":"closed","ping_status":"closed","template":"","meta":{"footnotes":""},"class_list":["post-2433","page","type-page","status-publish","hentry"],"_links":{"self":[{"href":"https:\/\/4rent-thessaloniki.com\/de\/wp-json\/wp\/v2\/pages\/2433","targetHints":{"allow":["GET"]}}],"collection":[{"href":"https:\/\/4rent-thessaloniki.com\/de\/wp-json\/wp\/v2\/pages"}],"about":[{"href":"https:\/\/4rent-thessaloniki.com\/de\/wp-json\/wp\/v2\/types\/page"}],"author":[{"embeddable":true,"href":"https:\/\/4rent-thessaloniki.com\/de\/wp-json\/wp\/v2\/users\/1"}],"replies":[{"embeddable":true,"href":"https:\/\/4rent-thessaloniki.com\/de\/wp-json\/wp\/v2\/comments?post=2433"}],"version-history":[{"count":11,"href":"https:\/\/4rent-thessaloniki.com\/de\/wp-json\/wp\/v2\/pages\/2433\/revisions"}],"predecessor-version":[{"id":4545,"href":"https:\/\/4rent-thessaloniki.com\/de\/wp-json\/wp\/v2\/pages\/2433\/revisions\/4545"}],"up":[{"embeddable":true,"href":"https:\/\/4rent-thessaloniki.com\/de\/wp-json\/wp\/v2\/pages\/3907"}],"wp:attachment":[{"href":"https:\/\/4rent-thessaloniki.com\/de\/wp-json\/wp\/v2\/media?parent=2433"}],"curies":[{"name":"wp","href":"https:\/\/api.w.org\/{rel}","templated":true}]}}