{"id":2455,"date":"2025-12-16T13:33:19","date_gmt":"2025-12-16T11:33:19","guid":{"rendered":"https:\/\/4rent-thessaloniki.com\/datenschutzerklaerung-eu-gdpr\/"},"modified":"2026-02-03T17:05:54","modified_gmt":"2026-02-03T15:05:54","slug":"datenschutzerklaerung","status":"publish","type":"page","link":"https:\/\/4rent-thessaloniki.com\/de\/kontakt\/datenschutzerklaerung\/","title":{"rendered":"EU-GDPR - Datenschutz"},"content":{"rendered":"\t\t<div data-elementor-type=\"wp-page\" data-elementor-id=\"2455\" class=\"elementor elementor-2455 elementor-1535\" data-elementor-post-type=\"page\">\n\t\t\t\t<div class=\"elementor-element elementor-element-6cc6733 e-flex e-con-boxed e-con e-parent\" data-id=\"6cc6733\" data-element_type=\"container\" data-settings=\"{&quot;background_background&quot;:&quot;classic&quot;}\">\n\t\t\t\t\t<div class=\"e-con-inner\">\n\t\t<div class=\"elementor-element elementor-element-5333e43 e-con-full e-flex e-con e-child\" data-id=\"5333e43\" data-element_type=\"container\">\n\t\t\t\t<div class=\"elementor-element elementor-element-b545db1 elementor-icon-list--layout-inline elementor-align-left elementor-list-item-link-full_width elementor-invisible elementor-widget elementor-widget-icon-list\" data-id=\"b545db1\" data-element_type=\"widget\" data-settings=\"{&quot;_animation_delay&quot;:0,&quot;_animation&quot;:&quot;fadeInUp&quot;}\" data-widget_type=\"icon-list.default\">\n\t\t\t\t\t\t\t<ul class=\"elementor-icon-list-items elementor-inline-items\">\n\t\t\t\t\t\t\t<li class=\"elementor-icon-list-item elementor-inline-item\">\n\t\t\t\t\t\t\t\t\t\t\t<a href=\"#\">\n\n\t\t\t\t\t\t\t\t\t\t\t<span class=\"elementor-icon-list-text\">4RENT<\/span>\n\t\t\t\t\t\t\t\t\t\t\t<\/a>\n\t\t\t\t\t\t\t\t\t<\/li>\n\t\t\t\t\t\t\t\t<li class=\"elementor-icon-list-item elementor-inline-item\">\n\t\t\t\t\t\t\t\t\t\t\t<a href=\"#\">\n\n\t\t\t\t\t\t\t\t\t\t\t\t<span class=\"elementor-icon-list-icon\">\n\t\t\t\t\t\t\t<svg aria-hidden=\"true\" class=\"e-font-icon-svg e-fas-square-full\" viewBox=\"0 0 512 512\" xmlns=\"http:\/\/www.w3.org\/2000\/svg\"><path d=\"M512 512H0V0h512v512z\"><\/path><\/svg>\t\t\t\t\t\t<\/span>\n\t\t\t\t\t\t\t\t\t\t<span class=\"elementor-icon-list-text\">THESSALONIKI<\/span>\n\t\t\t\t\t\t\t\t\t\t\t<\/a>\n\t\t\t\t\t\t\t\t\t<\/li>\n\t\t\t\t\t\t<\/ul>\n\t\t\t\t\t\t<\/div>\n\t\t\t\t<div class=\"elementor-element elementor-element-f8777c3 elementor-invisible elementor-widget elementor-widget-heading\" data-id=\"f8777c3\" data-element_type=\"widget\" data-settings=\"{&quot;_animation&quot;:&quot;fadeInUp&quot;,&quot;_animation_delay&quot;:100}\" data-widget_type=\"heading.default\">\n\t\t\t\t\t<h2 class=\"elementor-heading-title elementor-size-default\">DATENSCHUTZERKL\u00c4RUNG EU-GDPR<\/h2>\t\t\t\t<\/div>\n\t\t\t\t<\/div>\n\t\t\t\t\t<\/div>\n\t\t\t\t<\/div>\n\t\t<div class=\"elementor-element elementor-element-7b80727 e-flex e-con-boxed e-con e-parent\" data-id=\"7b80727\" data-element_type=\"container\" data-settings=\"{&quot;background_background&quot;:&quot;classic&quot;}\">\n\t\t\t\t\t<div class=\"e-con-inner\">\n\t\t<div class=\"elementor-element elementor-element-bb50576 e-con-full e-flex elementor-invisible e-con e-child\" data-id=\"bb50576\" data-element_type=\"container\" data-settings=\"{&quot;animation&quot;:&quot;fadeInUp&quot;}\">\n\t\t\t\t<div class=\"elementor-element elementor-element-261ec3c elementor-widget elementor-widget-text-editor\" data-id=\"261ec3c\" data-element_type=\"widget\" data-widget_type=\"text-editor.default\">\n\t\t\t\t\t\t\t\t\t<p>Diese Mitteilung wurde in \u00dcbereinstimmung mit den neuen verfasstEurop\u00e4ische Datenschutz-Grundverordnung 2016\/679, um Sie \u00fcber die Verarbeitung Ihrer personenbezogenen Daten durch \"4rent Thessaloniki\" zu informieren.<\/p><p>\"4rent Thessaloniki\" kann seine Datenpolitik jederzeit und ohne Warnung \u00e4ndern. Solche \u00c4nderungen werden auf unserer Website <a href=\"http:\/\/www.4rent-thessaloniki.com\">www.4rent-theessaloniki.com<\/a> bekannt gegeben. Durch die Nutzung unserer Webseite erkl\u00e4ren alle Benutzer, diese Datenschutzerkl\u00e4rung gelesen, verstanden und eindeutig akzeptiert zu haben. In dieser erkl\u00e4rung finden Sie wichtige Informationen \u00fcber die Art der von uns erhobenen und gespeicherten personenbezogenen Daten, deren Verarbeitung und den Zeitraum, in dem wir sie speichern, sowie Ihre Rechte als Betroffene. Sollten Sie Fragen bez\u00fcglich der Verarbeitung Ihrer pers\u00f6nlichen Daten durch \"4rent Thessaloniki\" und \/ oder Ihrer Rechte haben, stehen wir Ihnen gerne unter <a href=\"mailto:info@4rent-thessaloniki.com.\">info@4rent-thessaloniki.com<\/a> zur Verf\u00fcgung.<\/p><p><strong>Datenschutzrichtlinie<\/strong><\/p><p>Die pers\u00f6nlichen Daten, die Sie uns zur Verf\u00fcgung gestellt haben, unterliegen der Verarbeitung durch \"4rent Thessaloniki\" als Verantwortlich (Kontaktdaten: <a href=\"mailto:info@4rent-thessaloniki.com.\">info@4rent-theessaloniki.com<\/a>,<br>Adresse: 14km Thessalonikis-Moudanion - Thermi 57001 Telefon: +30 2310460035), ausschlie\u00dflich im Rahmen Ihrer Gesch\u00e4fte mit \"4rent Thessaloniki\" oder zum Zwecke der Nutzung auf unserer Webseite oder zum Abonnieren unseres Newsletters.  <\/p><p><strong>Verantwortlich f\u00fcr Ihren Dateschutz<\/strong><\/p><p>Die pers\u00f6nlichen Daten, die Sie uns zur Verf\u00fcgung gestellt haben, unterliegen der Verarbeitung durch \"4rent Thessaloniki\" als Verantwortlich (Kontaktdaten: <span lang=\"el-GR\"><a href=\"mailto:info@4rent-thessaloniki.com\">info@4rent-theessaloniki.com<\/a><\/span>,<br>Adresse: 14km Thessalonikis-Moudanion - <span lang=\"el-GR\">Thermi <\/span>57001 <span lang=\"de-DE\">Telefon<\/span>: <span lang=\"en-US\">+30 2310460035<\/span>), ausschlie\u00dflich im Rahmen Ihrer Gesch\u00e4fte mit \"4rent Thessaloniki\" oder zum Zwecke der Nutzung auf unserer Webseite oder zum Abonnieren unseres Newsletters.<\/p><p><strong>Geolokalisierungsdaten (GPS)<\/strong>: Die Flotte von 4rent Thessaloniki hat Geolokalisierungssysteme (GPS) installiert. Diese Systeme werden ausschlie\u00dflich im Falle eines Fahrzeugdiebstahls aktiviert und nur nach Benachrichtigung durch den Mieter oder Fahrer. Die rechtliche Grundlage f\u00fcr diese Verarbeitung beruht auf dem berechtigten Interesse, das Eigentum des Unternehmens zu sch\u00fctzen.  <\/p><p><a name=\"tw-target-text\"><\/a><strong>Pers\u00f6nliche Daten des Internetnutzers werden gesammelt und gespeichert<\/strong><\/p><p><span lang=\"el-GR\">Pers\u00f6nliche Daten<\/span> des Internetnutzers werden gesammelt und gespeichert<br>Aus den Daten, die Sie uns <span lang=\"en-US\">elektronisch zur Verf\u00fcgung stellen<\/span> (z. B. durch Nutzung auf unserer Webseite, durch Abonnieren unseres Newsletters, oder Anfrage stellen usw.) speichern wir personenbezogene Daten, die unseren Mitarbeitern und \/ oder Partnern von \"4rent Thessaloniki\" zug\u00e4nglich sind und sich auf Ihre Nutzung beziehen unsere Webseite www.4rent-thessaloniki.com oder unsere Social-Media-<span lang=\"el-GR\"><span lang=\"de-DE\">Webseiten <\/span><\/span>(Facebook usw.) und Ihr Abonnement f\u00fcr unseren Newsletter. F\u00fcr Ihr Abonnement unseres Newsletters bitten wir Sie, uns Ihren Vornamen, Nachnamen, E-Mail-Adresse mitzuteilen.<br>Bitte beachten Sie, dass \"4rent Thessaloniki\" die Art und den Umfang der pers\u00f6nlichen Daten, die auf Social - Media - Webseiten gesammelt und gespeichert werden, nicht beeinflusst. Um mehr \u00fcber die Zwecke der Erhebung, Verarbeitung und Nutzung personenbezogener Daten durch Social-Media-Webseiten zu erfahren, sowie \u00fcber Ihre Rechte und Einstellungen, die zum Schutz Ihrer Privatsph\u00e4re zur Verf\u00fcgung stehen, informieren Sie sich bitte Lesen Sie die Datenschutzrichtlinien der Social-Media-Webseiten, die Sie verwenden.       <\/p><p><strong>Cookie-Richtlinien<\/strong><\/p><p>Insbesondere w\u00e4hrend Ihrer Navigation auf unserer Website<br>www.4rent-thessaloniki.com, \"<span lang=\"de-DE\">4rent Thessaloniki<\/span>\" kann Benutzeridentifikationsdaten unter Verwendung von Technologien wie Cookies und \/ oder IP-Adressverfolgung erfassen.<\/p><p><strong>Zweck der Verarbeitung und Speicherdauer<\/strong><\/p><p>Die Verarbeitung ist notwendig f\u00fcr Ihre Navigation im Internet und die Nutzung von<br>unsere Online-Dienste. Wir werden Ihre Daten weiter verarbeiten, bis Sie uns darum bitten<br>h\u00f6r auf zu<\/p><p>Ihre Rechte bez\u00fcglich der Verarbeitung Ihrer pers\u00f6nlichen Daten<\/p><div>Wann immer Sie es w\u00fcnschen, haben Sie das Recht, Informationen \u00fcber die<br>Verarbeitung Ihrer pers\u00f6nlichen Daten durch \"4rent Thessaloniki\". <\/div><div>\u2022Erhalten Sie eine Best\u00e4tigung von \"4rent Thessaloniki\", ob oder nicht Ihre pers\u00f6nlichen Daten verarbeitet werden und wo.<\/div><div>\u2022Zugang zu Ihren pers\u00f6nlichen Daten und Informationen \u00fcber deren Verarbeitung erhalten, d. H.<br>den Empf\u00e4ngern Ihrer personenbezogenen Daten, dem Zeitraum, f\u00fcr den Ihre personenbezogenen Daten gespeichert werden gespeichert werden usw.<\/div><div>\u2022Erlangen Sie eine Kopie Ihrer pers\u00f6nlichen Daten, die in einfacher oder einfacher Verarbeitung verarbeitet werden<br>strukturiertes, allgemein verwendetes und maschinenlesbares Format.<\/div><div>\u2022Berichtigung von unrichtigen personenbezogenen Daten, die Sie betreffen.<\/div><div>\u2022haben unvollst\u00e4ndige pers\u00f6nliche Daten \u00fcber Sie abgeschlossen.<\/div><div>\u2022Besorgen Sie sich die L\u00f6schung Ihrer personenbezogenen Daten.<\/div><div>\u2022Beschlie\u00dfen Sie die Einschr\u00e4nkung der Verarbeitung Ihrer pers\u00f6nlichen Daten.<\/div><div>\u00dcbermitteln Sie Ihre pers\u00f6nlichen Daten ungehindert an einen anderen Controller<\/div><div>von \"4rent Thessaloniki\".<\/div><div>\u2022Die personenbezogenen Daten m\u00fcssen direkt von \"4rent Thessaloniki\" an einen anderen f\u00fcr die Verarbeitung Verantwortlichen \u00fcbermittelt werden, sofern dies technisch m\u00f6glich ist.<\/div><div>\u2022Legen Sie eine Beschwerde bei der Hellenic Data Protection Authority ein.<\/div><div>\u2022Setzen Sie sich jederzeit mit der Verarbeitung Ihrer personenbezogenen Daten in Verbindung.<\/div><div>\u2022Die Verarbeitung personenbezogener Daten, die Sie betreffen, jederzeit zu Marketingzwecken.<\/div>\t\t\t\t\t\t\t\t<\/div>\n\t\t\t\t<\/div>\n\t\t\t\t\t<\/div>\n\t\t\t\t<\/div>\n\t\t\t\t<\/div>\n\t\t","protected":false},"excerpt":{"rendered":"<p>4RENT THESSALONIKI DATENSCHUTZERKL\u00c4RUNG EU-GDPR Diese Mitteilung wurde in \u00dcbereinstimmung mit den neuen verfasstEurop\u00e4ische Datenschutz-Grundverordnung 2016\/679, um Sie \u00fcber die Verarbeitung Ihrer personenbezogenen Daten durch \"4rent Thessaloniki\" zu informieren. \"4rent Thessaloniki\" kann seine Datenpolitik jederzeit und ohne Warnung \u00e4ndern. Solche \u00c4nderungen werden auf unserer Website www.4rent-theessaloniki.com bekannt gegeben. Durch die Nutzung unserer Webseite erkl\u00e4ren alle Benutzer, [&hellip;]<\/p>\n","protected":false},"author":1,"featured_media":0,"parent":3909,"menu_order":0,"comment_status":"closed","ping_status":"closed","template":"","meta":{"footnotes":""},"class_list":["post-2455","page","type-page","status-publish","hentry"],"_links":{"self":[{"href":"https:\/\/4rent-thessaloniki.com\/de\/wp-json\/wp\/v2\/pages\/2455","targetHints":{"allow":["GET"]}}],"collection":[{"href":"https:\/\/4rent-thessaloniki.com\/de\/wp-json\/wp\/v2\/pages"}],"about":[{"href":"https:\/\/4rent-thessaloniki.com\/de\/wp-json\/wp\/v2\/types\/page"}],"author":[{"embeddable":true,"href":"https:\/\/4rent-thessaloniki.com\/de\/wp-json\/wp\/v2\/users\/1"}],"replies":[{"embeddable":true,"href":"https:\/\/4rent-thessaloniki.com\/de\/wp-json\/wp\/v2\/comments?post=2455"}],"version-history":[{"count":2,"href":"https:\/\/4rent-thessaloniki.com\/de\/wp-json\/wp\/v2\/pages\/2455\/revisions"}],"predecessor-version":[{"id":3654,"href":"https:\/\/4rent-thessaloniki.com\/de\/wp-json\/wp\/v2\/pages\/2455\/revisions\/3654"}],"up":[{"embeddable":true,"href":"https:\/\/4rent-thessaloniki.com\/de\/wp-json\/wp\/v2\/pages\/3909"}],"wp:attachment":[{"href":"https:\/\/4rent-thessaloniki.com\/de\/wp-json\/wp\/v2\/media?parent=2455"}],"curies":[{"name":"wp","href":"https:\/\/api.w.org\/{rel}","templated":true}]}}