{"id":2457,"date":"2025-12-05T14:45:03","date_gmt":"2025-12-05T12:45:03","guid":{"rendered":"https:\/\/4rent-thessaloniki.com\/vollkaskoversichert-ohne-kaution\/"},"modified":"2026-02-14T10:49:20","modified_gmt":"2026-02-14T08:49:20","slug":"mietwagen-ohne-kaution-thessaloniki","status":"publish","type":"page","link":"https:\/\/4rent-thessaloniki.com\/de\/auto-mieten-thessaloniki-ohne-kreditkarte\/mietwagen-ohne-kaution-thessaloniki\/","title":{"rendered":"Vollkaskoversichert &#038; ohne Kaution"},"content":{"rendered":"\t\t<div data-elementor-type=\"wp-page\" data-elementor-id=\"2457\" class=\"elementor elementor-2457 elementor-499\" data-elementor-post-type=\"page\">\n\t\t\t\t<div class=\"elementor-element elementor-element-d379f9a e-flex e-con-boxed e-con e-parent\" data-id=\"d379f9a\" data-element_type=\"container\" data-settings=\"{&quot;background_background&quot;:&quot;classic&quot;}\">\n\t\t\t\t\t<div class=\"e-con-inner\">\n\t\t<div class=\"elementor-element elementor-element-258e5d12 e-con-full e-flex e-con e-child\" data-id=\"258e5d12\" data-element_type=\"container\">\n\t\t\t\t<div class=\"elementor-element elementor-element-ea72232 elementor-icon-list--layout-inline elementor-align-left elementor-list-item-link-full_width elementor-invisible elementor-widget elementor-widget-icon-list\" data-id=\"ea72232\" data-element_type=\"widget\" data-settings=\"{&quot;_animation_delay&quot;:0,&quot;_animation&quot;:&quot;fadeInUp&quot;}\" data-widget_type=\"icon-list.default\">\n\t\t\t\t\t\t\t<ul class=\"elementor-icon-list-items elementor-inline-items\">\n\t\t\t\t\t\t\t<li class=\"elementor-icon-list-item elementor-inline-item\">\n\t\t\t\t\t\t\t\t\t\t\t<a href=\"#\">\n\n\t\t\t\t\t\t\t\t\t\t\t<span class=\"elementor-icon-list-text\">4RENT<\/span>\n\t\t\t\t\t\t\t\t\t\t\t<\/a>\n\t\t\t\t\t\t\t\t\t<\/li>\n\t\t\t\t\t\t\t\t<li class=\"elementor-icon-list-item elementor-inline-item\">\n\t\t\t\t\t\t\t\t\t\t\t<a href=\"#\">\n\n\t\t\t\t\t\t\t\t\t\t\t\t<span class=\"elementor-icon-list-icon\">\n\t\t\t\t\t\t\t<svg aria-hidden=\"true\" class=\"e-font-icon-svg e-fas-square-full\" viewBox=\"0 0 512 512\" xmlns=\"http:\/\/www.w3.org\/2000\/svg\"><path d=\"M512 512H0V0h512v512z\"><\/path><\/svg>\t\t\t\t\t\t<\/span>\n\t\t\t\t\t\t\t\t\t\t<span class=\"elementor-icon-list-text\">THESSALONIKI<\/span>\n\t\t\t\t\t\t\t\t\t\t\t<\/a>\n\t\t\t\t\t\t\t\t\t<\/li>\n\t\t\t\t\t\t<\/ul>\n\t\t\t\t\t\t<\/div>\n\t\t\t\t<div class=\"elementor-element elementor-element-3bb6f785 elementor-invisible elementor-widget elementor-widget-heading\" data-id=\"3bb6f785\" data-element_type=\"widget\" data-settings=\"{&quot;_animation&quot;:&quot;fadeInUp&quot;,&quot;_animation_delay&quot;:100}\" data-widget_type=\"heading.default\">\n\t\t\t\t\t<h2 class=\"elementor-heading-title elementor-size-default\">VOLKASKOVERSICHERT &amp; OHNE KAUTION<\/h2>\t\t\t\t<\/div>\n\t\t\t\t<\/div>\n\t\t\t\t\t<\/div>\n\t\t\t\t<\/div>\n\t\t<div class=\"elementor-element elementor-element-3d805edc e-flex e-con-boxed e-con e-parent\" data-id=\"3d805edc\" data-element_type=\"container\" data-settings=\"{&quot;background_background&quot;:&quot;classic&quot;}\">\n\t\t\t\t\t<div class=\"e-con-inner\">\n\t\t<div class=\"elementor-element elementor-element-166748fa e-con-full e-flex elementor-invisible e-con e-child\" data-id=\"166748fa\" data-element_type=\"container\" data-settings=\"{&quot;animation&quot;:&quot;fadeInUp&quot;}\">\n\t\t\t\t<div class=\"elementor-element elementor-element-7bb130c9 elementor-widget elementor-widget-heading\" data-id=\"7bb130c9\" data-element_type=\"widget\" data-widget_type=\"heading.default\">\n\t\t\t\t\t<h2 class=\"elementor-heading-title elementor-size-default\">[Autovermietung Thessaloniki]<\/h2>\t\t\t\t<\/div>\n\t\t\t\t<div class=\"elementor-element elementor-element-3773e0b3 elementor-widget__width-initial elementor-widget elementor-widget-heading\" data-id=\"3773e0b3\" data-element_type=\"widget\" data-widget_type=\"heading.default\">\n\t\t\t\t\t<h2 class=\"elementor-heading-title elementor-size-default\">Mieten Sie Ihren Mietwagen ohne Kaution \u2013 Kreditkarte und mit Vollkaskoversicherung ohne Selbstbeteiligung in Thessaloniki und am Flughafen\n<\/h2>\t\t\t\t<\/div>\n\t\t\t\t<div class=\"elementor-element elementor-element-0616ec6 elementor-widget elementor-widget-text-editor\" data-id=\"0616ec6\" data-element_type=\"widget\" data-widget_type=\"text-editor.default\">\n\t\t\t\t\t\t\t\t\t<div>Auch die besten Autofahrer haben mal einen schlechten Tag <span class=\"aCOpRe\">\ud83d\ude42.<\/span><\/div><div>Bei uns ist das kein Problem! Mit unserer Vollkaskoversicherung ohne Selbstbeteiligung, ohne Kaution und ohne Kreditkarte , m\u00fcssen Sie folgendes beachten, damit Sie rundum gesch\u00fctzt sind. <\/div>\t\t\t\t\t\t\t\t<\/div>\n\t\t\t\t<\/div>\n\t\t<div class=\"elementor-element elementor-element-24904eb0 e-con-full e-grid e-con e-child\" data-id=\"24904eb0\" data-element_type=\"container\">\n\t\t<div class=\"elementor-element elementor-element-25738162 e-con-full e-flex elementor-invisible e-con e-child\" data-id=\"25738162\" data-element_type=\"container\" data-settings=\"{&quot;background_background&quot;:&quot;classic&quot;,&quot;animation&quot;:&quot;fadeInUp&quot;,&quot;animation_delay&quot;:100}\">\n\t\t<div class=\"elementor-element elementor-element-7f97aa48 e-con-full e-flex e-con e-child\" data-id=\"7f97aa48\" data-element_type=\"container\">\n\t\t\t\t<div class=\"elementor-element elementor-element-1421b3e7 elementor-widget elementor-widget-heading\" data-id=\"1421b3e7\" data-element_type=\"widget\" data-widget_type=\"heading.default\">\n\t\t\t\t\t<h2 class=\"elementor-heading-title elementor-size-default\">Bei gr\u00f6\u00dferen Sch\u00e4den m\u00fcssen Sie folgendes beachten:<\/h2>\t\t\t\t<\/div>\n\t\t\t\t<div class=\"elementor-element elementor-element-8ee52ff elementor-widget-divider--view-line elementor-widget elementor-widget-divider\" data-id=\"8ee52ff\" data-element_type=\"widget\" data-widget_type=\"divider.default\">\n\t\t\t\t\t\t\t<div class=\"elementor-divider\">\n\t\t\t<span class=\"elementor-divider-separator\">\n\t\t\t\t\t\t<\/span>\n\t\t<\/div>\n\t\t\t\t\t\t<\/div>\n\t\t<div class=\"elementor-element elementor-element-fec5425 e-grid e-con-full e-con e-child\" data-id=\"fec5425\" data-element_type=\"container\">\n\t\t\t\t<div class=\"elementor-element elementor-element-d8b8bc1 elementor-widget elementor-widget-text-editor\" data-id=\"d8b8bc1\" data-element_type=\"widget\" data-widget_type=\"text-editor.default\">\n\t\t\t\t\t\t\t\t\t<p>1. Informieren Sie uns, sofort! Nicht nerv\u00f6s werden <\/p>\t\t\t\t\t\t\t\t<\/div>\n\t\t\t\t<div class=\"elementor-element elementor-element-64496f0 elementor-widget elementor-widget-text-editor\" data-id=\"64496f0\" data-element_type=\"widget\" data-widget_type=\"text-editor.default\">\n\t\t\t\t\t\t\t\t\t<p>2. Schnellstm\u00f6glich kommt unser Versicherungsdienst zu Ihnen.<\/p>\t\t\t\t\t\t\t\t<\/div>\n\t\t\t\t<div class=\"elementor-element elementor-element-085e903 elementor-widget elementor-widget-text-editor\" data-id=\"085e903\" data-element_type=\"widget\" data-widget_type=\"text-editor.default\">\n\t\t\t\t\t\t\t\t\t<p>3. Ersatzauto wird vorbereitet und zu Ihnen geliefert!<\/p>\t\t\t\t\t\t\t\t<\/div>\n\t\t\t\t<\/div>\n\t\t\t\t<\/div>\n\t\t\t\t<\/div>\n\t\t<div class=\"elementor-element elementor-element-7340b4b e-con-full e-flex elementor-invisible e-con e-child\" data-id=\"7340b4b\" data-element_type=\"container\" data-settings=\"{&quot;background_background&quot;:&quot;classic&quot;,&quot;animation&quot;:&quot;fadeInUp&quot;,&quot;animation_delay&quot;:100}\">\n\t\t<div class=\"elementor-element elementor-element-b4a07f5 e-con-full e-flex e-con e-child\" data-id=\"b4a07f5\" data-element_type=\"container\">\n\t\t\t\t<div class=\"elementor-element elementor-element-2a2f05d elementor-widget elementor-widget-heading\" data-id=\"2a2f05d\" data-element_type=\"widget\" data-widget_type=\"heading.default\">\n\t\t\t\t\t<h2 class=\"elementor-heading-title elementor-size-default\">Bei kleineren Sch\u00e4den gehen Sie bitte wie folgt vor:<\/h2>\t\t\t\t<\/div>\n\t\t\t\t<div class=\"elementor-element elementor-element-cb9c5a0 elementor-widget-divider--view-line elementor-widget elementor-widget-divider\" data-id=\"cb9c5a0\" data-element_type=\"widget\" data-widget_type=\"divider.default\">\n\t\t\t\t\t\t\t<div class=\"elementor-divider\">\n\t\t\t<span class=\"elementor-divider-separator\">\n\t\t\t\t\t\t<\/span>\n\t\t<\/div>\n\t\t\t\t\t\t<\/div>\n\t\t\t\t<\/div>\n\t\t<div class=\"elementor-element elementor-element-dee103a e-grid e-con-full e-con e-child\" data-id=\"dee103a\" data-element_type=\"container\">\n\t\t\t\t<div class=\"elementor-element elementor-element-e5257f6 elementor-widget elementor-widget-text-editor\" data-id=\"e5257f6\" data-element_type=\"widget\" data-widget_type=\"text-editor.default\">\n\t\t\t\t\t\t\t\t\t<p>1. nformieren Sie uns, sofort! Nicht nerv\u00f6s werden! <\/p>\t\t\t\t\t\t\t\t<\/div>\n\t\t\t\t<div class=\"elementor-element elementor-element-44eb4ce elementor-widget elementor-widget-text-editor\" data-id=\"44eb4ce\" data-element_type=\"widget\" data-widget_type=\"text-editor.default\">\n\t\t\t\t\t\t\t\t\t<p>2. Senden Sie uns ein Foto per Mail oder WhatsApp. Das war schon alles! <\/p>\t\t\t\t\t\t\t\t<\/div>\n\t\t\t\t<\/div>\n\t\t\t\t<\/div>\n\t\t\t\t<\/div>\n\t\t\t\t\t<\/div>\n\t\t\t\t<\/div>\n\t\t<div class=\"elementor-element elementor-element-f4c198a e-flex e-con-boxed e-con e-parent\" data-id=\"f4c198a\" data-element_type=\"container\">\n\t\t\t\t\t<div class=\"e-con-inner\">\n\t\t\t\t<div class=\"elementor-element elementor-element-8002fe2 elementor-widget elementor-widget-text-editor\" data-id=\"8002fe2\" data-element_type=\"widget\" data-widget_type=\"text-editor.default\">\n\t\t\t\t\t\t\t\t\t<section id=\"g-container-8410\" class=\"g-wrapper\"><div class=\"g-container\"><div class=\"g-grid\"><div class=\"g-block size-100\"><section id=\"g-mainbar\"><div class=\"g-grid\"><div class=\"g-block size-100\"><div class=\"g-content\"><div class=\"platform-content container\"><div class=\"row\"><div class=\"col\"><div class=\"com-content-article item-page\"><div class=\"com-content-article__body\"><p>* au\u00dfer nat\u00fcrlich, dass Sie gegen die Bedingungen versto\u00dfen z.B Alkohol, nicht befahre Stra\u00dfen, etc... Die Meldepflicht ist in jedem Fall unverz\u00fcglich vor Ort zu erf\u00fcllen. Wann tritt die Vollkaskoversicherung aus, k\u00f6nnen Sie <a href=\"https:\/\/4rent-thessaloniki.com\/de\/kontakt\/agb-s\/\">hier <\/a>lesen. Im Fall eines Schadens wird, unabh\u00e4ngig von der Haftung, eine einmalige Bearbeitungsgeb\u00fchr von 25,00 \u20ac f\u00fcr die Verwaltung des entsprechenden Schadens erhoben. Dies gilt, unabh\u00e4ngig davon, ob Sie f\u00fcr den Schaden verantwortlich sind oder nicht.<\/p><\/div><\/div><\/div><\/div><\/div><\/div><\/div><\/div><\/section><\/div><\/div><\/div><\/section>\t\t\t\t\t\t\t\t<\/div>\n\t\t\t\t\t<\/div>\n\t\t\t\t<\/div>\n\t\t\t\t<\/div>\n\t\t","protected":false},"excerpt":{"rendered":"<p>4RENT THESSALONIKI VOLKASKOVERSICHERT &amp; OHNE KAUTION [Autovermietung Thessaloniki] Mieten Sie Ihren Mietwagen ohne Kaution \u2013 Kreditkarte und mit Vollkaskoversicherung ohne Selbstbeteiligung in Thessaloniki und am Flughafen Auch die besten Autofahrer haben mal einen schlechten Tag \ud83d\ude42.Bei uns ist das kein Problem! Mit unserer Vollkaskoversicherung ohne Selbstbeteiligung, ohne Kaution und ohne Kreditkarte , m\u00fcssen Sie folgendes [&hellip;]<\/p>\n","protected":false},"author":1,"featured_media":0,"parent":3907,"menu_order":0,"comment_status":"closed","ping_status":"closed","template":"","meta":{"footnotes":""},"class_list":["post-2457","page","type-page","status-publish","hentry"],"_links":{"self":[{"href":"https:\/\/4rent-thessaloniki.com\/de\/wp-json\/wp\/v2\/pages\/2457","targetHints":{"allow":["GET"]}}],"collection":[{"href":"https:\/\/4rent-thessaloniki.com\/de\/wp-json\/wp\/v2\/pages"}],"about":[{"href":"https:\/\/4rent-thessaloniki.com\/de\/wp-json\/wp\/v2\/types\/page"}],"author":[{"embeddable":true,"href":"https:\/\/4rent-thessaloniki.com\/de\/wp-json\/wp\/v2\/users\/1"}],"replies":[{"embeddable":true,"href":"https:\/\/4rent-thessaloniki.com\/de\/wp-json\/wp\/v2\/comments?post=2457"}],"version-history":[{"count":5,"href":"https:\/\/4rent-thessaloniki.com\/de\/wp-json\/wp\/v2\/pages\/2457\/revisions"}],"predecessor-version":[{"id":4630,"href":"https:\/\/4rent-thessaloniki.com\/de\/wp-json\/wp\/v2\/pages\/2457\/revisions\/4630"}],"up":[{"embeddable":true,"href":"https:\/\/4rent-thessaloniki.com\/de\/wp-json\/wp\/v2\/pages\/3907"}],"wp:attachment":[{"href":"https:\/\/4rent-thessaloniki.com\/de\/wp-json\/wp\/v2\/media?parent=2457"}],"curies":[{"name":"wp","href":"https:\/\/api.w.org\/{rel}","templated":true}]}}