{"id":2462,"date":"2025-12-16T13:50:54","date_gmt":"2025-12-16T11:50:54","guid":{"rendered":"https:\/\/4rent-thessaloniki.com\/hotel-airbnb\/"},"modified":"2026-02-13T12:36:16","modified_gmt":"2026-02-13T10:36:16","slug":"airbnb-mietwagen-thessaloniki","status":"publish","type":"page","link":"https:\/\/4rent-thessaloniki.com\/de\/kontakt\/partner-4rent\/mietwagen-partner-thessaloniki\/airbnb-mietwagen-thessaloniki\/","title":{"rendered":"Hotel - Airbnb"},"content":{"rendered":"\t\t<div data-elementor-type=\"wp-page\" data-elementor-id=\"2462\" class=\"elementor elementor-2462 elementor-1551\" data-elementor-post-type=\"page\">\n\t\t\t\t<div class=\"elementor-element elementor-element-ce048cb e-flex e-con-boxed e-con e-parent\" data-id=\"ce048cb\" data-element_type=\"container\" data-settings=\"{&quot;background_background&quot;:&quot;classic&quot;}\">\n\t\t\t\t\t<div class=\"e-con-inner\">\n\t\t<div class=\"elementor-element elementor-element-f90b72a e-con-full e-flex e-con e-child\" data-id=\"f90b72a\" data-element_type=\"container\">\n\t\t\t\t<div class=\"elementor-element elementor-element-9d24d95 elementor-icon-list--layout-inline elementor-align-left elementor-list-item-link-full_width elementor-invisible elementor-widget elementor-widget-icon-list\" data-id=\"9d24d95\" data-element_type=\"widget\" data-settings=\"{&quot;_animation_delay&quot;:0,&quot;_animation&quot;:&quot;fadeInUp&quot;}\" data-widget_type=\"icon-list.default\">\n\t\t\t\t\t\t\t<ul class=\"elementor-icon-list-items elementor-inline-items\">\n\t\t\t\t\t\t\t<li class=\"elementor-icon-list-item elementor-inline-item\">\n\t\t\t\t\t\t\t\t\t\t\t<a href=\"#\">\n\n\t\t\t\t\t\t\t\t\t\t\t<span class=\"elementor-icon-list-text\">4RENT<\/span>\n\t\t\t\t\t\t\t\t\t\t\t<\/a>\n\t\t\t\t\t\t\t\t\t<\/li>\n\t\t\t\t\t\t\t\t<li class=\"elementor-icon-list-item elementor-inline-item\">\n\t\t\t\t\t\t\t\t\t\t\t<a href=\"#\">\n\n\t\t\t\t\t\t\t\t\t\t\t\t<span class=\"elementor-icon-list-icon\">\n\t\t\t\t\t\t\t<svg aria-hidden=\"true\" class=\"e-font-icon-svg e-fas-square-full\" viewBox=\"0 0 512 512\" xmlns=\"http:\/\/www.w3.org\/2000\/svg\"><path d=\"M512 512H0V0h512v512z\"><\/path><\/svg>\t\t\t\t\t\t<\/span>\n\t\t\t\t\t\t\t\t\t\t<span class=\"elementor-icon-list-text\">THESSALONIKI<\/span>\n\t\t\t\t\t\t\t\t\t\t\t<\/a>\n\t\t\t\t\t\t\t\t\t<\/li>\n\t\t\t\t\t\t<\/ul>\n\t\t\t\t\t\t<\/div>\n\t\t\t\t<div class=\"elementor-element elementor-element-6286c60 elementor-invisible elementor-widget elementor-widget-heading\" data-id=\"6286c60\" data-element_type=\"widget\" data-settings=\"{&quot;_animation&quot;:&quot;fadeInUp&quot;,&quot;_animation_delay&quot;:100}\" data-widget_type=\"heading.default\">\n\t\t\t\t\t<h2 class=\"elementor-heading-title elementor-size-default\">HOTEL - AIRBNB PARTNER IN THESSALONIKI UND CHALKIDIKI<\/h2>\t\t\t\t<\/div>\n\t\t\t\t<\/div>\n\t\t\t\t\t<\/div>\n\t\t\t\t<\/div>\n\t\t<div class=\"elementor-element elementor-element-f05614c e-flex e-con-boxed e-con e-parent\" data-id=\"f05614c\" data-element_type=\"container\" data-settings=\"{&quot;background_background&quot;:&quot;classic&quot;}\">\n\t\t\t\t\t<div class=\"e-con-inner\">\n\t\t<div class=\"elementor-element elementor-element-cbc5067 e-con-full e-flex elementor-invisible e-con e-child\" data-id=\"cbc5067\" data-element_type=\"container\" data-settings=\"{&quot;animation&quot;:&quot;fadeInUp&quot;}\">\n\t\t\t\t<div class=\"elementor-element elementor-element-7b3dfa8 elementor-widget elementor-widget-text-editor\" data-id=\"7b3dfa8\" data-element_type=\"widget\" data-widget_type=\"text-editor.default\">\n\t\t\t\t\t\t\t\t\t<section id=\"g-container-8410\" class=\"g-wrapper\"><div class=\"g-container\"><div class=\"g-grid\"><div class=\"g-block size-100\"><section id=\"g-mainbar\"><div class=\"g-grid\"><div class=\"g-block size-100\"><div class=\"g-content\"><div class=\"platform-content container\"><div class=\"row\"><div class=\"col\"><div class=\"com-content-article item-page\"><div class=\"com-content-article__body\"><p>Sind Sie Besitzer oder Manager eines Hotels, Ferienwohnung oder Airbnb hier k\u00f6nnen Sie uns Kontaktieren, um Partner zu werden und einen Mietwagen f\u00fcr Ihre Kunden zu organisieren! Nach unserer Best\u00e4tigung, erhalten sie Ihre Partnernummer. <\/p><\/div><\/div><\/div><\/div><\/div><\/div><\/div><\/div><\/section><\/div><\/div><\/div><\/section>\t\t\t\t\t\t\t\t<\/div>\n\t\t\t\t<div class=\"elementor-element elementor-element-f3176e8 elementor-widget__width-initial elementor-button-align-stretch elementor-widget elementor-widget-form\" data-id=\"f3176e8\" data-element_type=\"widget\" data-settings=\"{&quot;step_next_label&quot;:&quot;Next&quot;,&quot;step_previous_label&quot;:&quot;Previous&quot;,&quot;button_width&quot;:&quot;100&quot;,&quot;step_type&quot;:&quot;number_text&quot;,&quot;step_icon_shape&quot;:&quot;circle&quot;}\" data-widget_type=\"form.default\">\n\t\t\t\t\t\t\t<form class=\"elementor-form\" method=\"post\" name=\"video_call\" aria-label=\"video_call\">\n\t\t\t<input type=\"hidden\" name=\"post_id\" value=\"2462\"\/>\n\t\t\t<input type=\"hidden\" name=\"form_id\" value=\"f3176e8\"\/>\n\t\t\t<input type=\"hidden\" name=\"referer_title\" value=\"\" \/>\n\n\t\t\t\n\t\t\t<div class=\"elementor-form-fields-wrapper elementor-labels-above\">\n\t\t\t\t\t\t\t\t<div class=\"elementor-field-type-text elementor-field-group elementor-column elementor-field-group-name elementor-col-50 elementor-field-required\">\n\t\t\t\t\t\t\t\t\t\t\t\t<label for=\"form-field-name\" class=\"elementor-field-label\">\n\t\t\t\t\t\t\t\tVorname &amp; Nachname\t\t\t\t\t\t\t<\/label>\n\t\t\t\t\t\t\t\t\t\t\t\t\t\t<input size=\"1\" type=\"text\" name=\"form_fields[name]\" id=\"form-field-name\" class=\"elementor-field elementor-size-sm  elementor-field-textual\" required=\"required\">\n\t\t\t\t\t\t\t\t\t\t\t<\/div>\n\t\t\t\t\t\t\t\t<div class=\"elementor-field-type-text elementor-field-group elementor-column elementor-field-group-field_e38d162 elementor-col-50 elementor-field-required\">\n\t\t\t\t\t\t\t\t\t\t\t\t<label for=\"form-field-field_e38d162\" class=\"elementor-field-label\">\n\t\t\t\t\t\t\t\tHotel, Ferienwohnung oder Airbnb Name\t\t\t\t\t\t\t<\/label>\n\t\t\t\t\t\t\t\t\t\t\t\t\t\t<input size=\"1\" type=\"text\" name=\"form_fields[field_e38d162]\" id=\"form-field-field_e38d162\" class=\"elementor-field elementor-size-sm  elementor-field-textual\" required=\"required\">\n\t\t\t\t\t\t\t\t\t\t\t<\/div>\n\t\t\t\t\t\t\t\t<div class=\"elementor-field-type-email elementor-field-group elementor-column elementor-field-group-email elementor-col-50 elementor-field-required\">\n\t\t\t\t\t\t\t\t\t\t\t\t<label for=\"form-field-email\" class=\"elementor-field-label\">\n\t\t\t\t\t\t\t\tEmail\t\t\t\t\t\t\t<\/label>\n\t\t\t\t\t\t\t\t\t\t\t\t\t\t<input size=\"1\" type=\"email\" name=\"form_fields[email]\" id=\"form-field-email\" class=\"elementor-field elementor-size-sm  elementor-field-textual\" required=\"required\">\n\t\t\t\t\t\t\t\t\t\t\t<\/div>\n\t\t\t\t\t\t\t\t<div class=\"elementor-field-type-tel elementor-field-group elementor-column elementor-field-group-field_8d477ee elementor-col-50 elementor-field-required\">\n\t\t\t\t\t\t\t\t\t\t\t\t<label for=\"form-field-field_8d477ee\" class=\"elementor-field-label\">\n\t\t\t\t\t\t\t\tTelefonnummer\t\t\t\t\t\t\t<\/label>\n\t\t\t\t\t\t\t\t<input size=\"1\" type=\"tel\" name=\"form_fields[field_8d477ee]\" id=\"form-field-field_8d477ee\" class=\"elementor-field elementor-size-sm  elementor-field-textual\" required=\"required\" pattern=\"[0-9()#&amp;+*-=.]+\" title=\"Nur Nummern oder Telefon-Zeichen (#, -, *, etc) werden akzeptiert.\">\n\n\t\t\t\t\t\t<\/div>\n\t\t\t\t\t\t\t\t<div class=\"elementor-field-type-text elementor-field-group elementor-column elementor-field-group-field_c214b24 elementor-col-50 elementor-field-required\">\n\t\t\t\t\t\t\t\t\t\t\t\t<label for=\"form-field-field_c214b24\" class=\"elementor-field-label\">\n\t\t\t\t\t\t\t\tAnschrift\t\t\t\t\t\t\t<\/label>\n\t\t\t\t\t\t\t\t\t\t\t\t\t\t<input size=\"1\" type=\"text\" name=\"form_fields[field_c214b24]\" id=\"form-field-field_c214b24\" class=\"elementor-field elementor-size-sm  elementor-field-textual\" required=\"required\">\n\t\t\t\t\t\t\t\t\t\t\t<\/div>\n\t\t\t\t\t\t\t\t<div class=\"elementor-field-type-text elementor-field-group elementor-column elementor-field-group-field_f81dffb elementor-col-50 elementor-field-required\">\n\t\t\t\t\t\t\t\t\t\t\t\t<label for=\"form-field-field_f81dffb\" class=\"elementor-field-label\">\n\t\t\t\t\t\t\t\tBranche\t\t\t\t\t\t\t<\/label>\n\t\t\t\t\t\t\t\t\t\t\t\t\t\t<input size=\"1\" type=\"text\" name=\"form_fields[field_f81dffb]\" id=\"form-field-field_f81dffb\" class=\"elementor-field elementor-size-sm  elementor-field-textual\" required=\"required\">\n\t\t\t\t\t\t\t\t\t\t\t<\/div>\n\t\t\t\t\t\t\t\t<div class=\"elementor-field-type-url elementor-field-group elementor-column elementor-field-group-field_b65cb31 elementor-col-100 elementor-field-required\">\n\t\t\t\t\t\t\t\t\t\t\t\t<label for=\"form-field-field_b65cb31\" class=\"elementor-field-label\">\n\t\t\t\t\t\t\t\tWebseite\t\t\t\t\t\t\t<\/label>\n\t\t\t\t\t\t\t\t\t\t\t\t\t\t<input size=\"1\" type=\"url\" name=\"form_fields[field_b65cb31]\" id=\"form-field-field_b65cb31\" class=\"elementor-field elementor-size-sm  elementor-field-textual\" required=\"required\">\n\t\t\t\t\t\t\t\t\t\t\t<\/div>\n\t\t\t\t\t\t\t\t<div class=\"elementor-field-type-checkbox elementor-field-group elementor-column elementor-field-group-field_05d77c9 elementor-col-100\">\n\t\t\t\t\t\t\t\t\t\t\t\t<label for=\"form-field-field_05d77c9\" class=\"elementor-field-label\">\n\t\t\t\t\t\t\t\tSonstiges\t\t\t\t\t\t\t<\/label>\n\t\t\t\t\t\t<div class=\"elementor-field-subgroup  \"><span class=\"elementor-field-option\"><input type=\"checkbox\" value=\"hotel\" id=\"form-field-field_05d77c9-0\" name=\"form_fields[field_05d77c9][]\"> <label for=\"form-field-field_05d77c9-0\">Hotel<\/label><\/span><span class=\"elementor-field-option\"><input type=\"checkbox\" value=\"Airbnb\" id=\"form-field-field_05d77c9-1\" name=\"form_fields[field_05d77c9][]\"> <label for=\"form-field-field_05d77c9-1\">Airbnb<\/label><\/span><span class=\"elementor-field-option\"><input type=\"checkbox\" value=\"rooms\" id=\"form-field-field_05d77c9-2\" name=\"form_fields[field_05d77c9][]\"> <label for=\"form-field-field_05d77c9-2\">Ferienwohmung<\/label><\/span><\/div>\t\t\t\t<\/div>\n\t\t\t\t\t\t\t\t<div class=\"elementor-field-type-textarea elementor-field-group elementor-column elementor-field-group-field_49d7476 elementor-col-100 elementor-field-required\">\n\t\t\t\t\t\t\t\t\t\t\t\t<label for=\"form-field-field_49d7476\" class=\"elementor-field-label\">\n\t\t\t\t\t\t\t\tSonstiges\t\t\t\t\t\t\t<\/label>\n\t\t\t\t\t\t<textarea class=\"elementor-field-textual elementor-field  elementor-size-sm\" name=\"form_fields[field_49d7476]\" id=\"form-field-field_49d7476\" rows=\"4\" required=\"required\"><\/textarea>\t\t\t\t<\/div>\n\t\t\t\t\t\t\t\t<div class=\"elementor-field-group elementor-column elementor-field-type-submit elementor-col-100 e-form__buttons\">\n\t\t\t\t\t<button class=\"elementor-button elementor-size-sm\" type=\"submit\">\n\t\t\t\t\t\t<span class=\"elementor-button-content-wrapper\">\n\t\t\t\t\t\t\t\t\t\t\t\t\t\t\t\t\t\t\t\t\t\t<span class=\"elementor-button-text\">Anfrage senden<\/span>\n\t\t\t\t\t\t\t\t\t\t\t\t\t<\/span>\n\t\t\t\t\t<\/button>\n\t\t\t\t<\/div>\n\t\t\t<\/div>\n\t\t<\/form>\n\t\t\t\t\t\t<\/div>\n\t\t\t\t<\/div>\n\t\t\t\t<div class=\"elementor-element elementor-element-7c00c9e elementor-widget__width-initial elementor-widget elementor-widget-text-editor\" data-id=\"7c00c9e\" data-element_type=\"widget\" data-widget_type=\"text-editor.default\">\n\t\t\t\t\t\t\t\t\t<section id=\"g-bottom\"><div class=\"g-container\"><div class=\"g-grid\"><div class=\"g-block size-100\"><div class=\"g-content\"><div class=\"platform-content\"><div id=\"cf_9\" class=\"convertforms cf cf-img-left cf-form-bottom cf-success-hideform cf-hasLabels cf-labelpos-top cf-init\" data-id=\"9\"><form id=\"cf9\" action=\"https:\/\/4rent-thessaloniki.com\/el\/epokoinonia\/synergates\/gine-synergatis\/ksenodoxeio-i-airbnb-enoikiasi-autokinitou-thessaloniki#\" method=\"post\" name=\"cf9\"><div class=\"cf-form-wrap cf-col-16 \"><div class=\"cf-footer\"><em>Bitte beachten Sie dabei, dass alle Mietautos Vollkaskoversichert, OHNE Selbstbeteiligung Rundum-Sorglos-Paket (Inbegriffen sind sch\u00e4den an den Reifen, am Unterboden und dem Glasbereich.) sind. Keine Kaution &amp; Kreditkarte n\u00f6tig, mit unbegrenzten Kilometern und inklusive Zusatzfahrer. <\/em><\/div><\/div><\/form><\/div><\/div><\/div><\/div><\/div><\/div><\/section>\t\t\t\t\t\t\t\t<\/div>\n\t\t\t\t\t<\/div>\n\t\t\t\t<\/div>\n\t\t\t\t<\/div>\n\t\t","protected":false},"excerpt":{"rendered":"<p>4RENT THESSALONIKI HOTEL - AIRBNB PARTNER IN THESSALONIKI UND CHALKIDIKI Sind Sie Besitzer oder Manager eines Hotels, Ferienwohnung oder Airbnb hier k\u00f6nnen Sie uns Kontaktieren, um Partner zu werden und einen Mietwagen f\u00fcr Ihre Kunden zu organisieren! Nach unserer Best\u00e4tigung, erhalten sie Ihre Partnernummer. Bitte beachten Sie dabei, dass alle Mietautos Vollkaskoversichert, OHNE Selbstbeteiligung Rundum-Sorglos-Paket [&hellip;]<\/p>\n","protected":false},"author":1,"featured_media":0,"parent":3913,"menu_order":0,"comment_status":"closed","ping_status":"closed","template":"","meta":{"footnotes":""},"class_list":["post-2462","page","type-page","status-publish","hentry"],"_links":{"self":[{"href":"https:\/\/4rent-thessaloniki.com\/de\/wp-json\/wp\/v2\/pages\/2462","targetHints":{"allow":["GET"]}}],"collection":[{"href":"https:\/\/4rent-thessaloniki.com\/de\/wp-json\/wp\/v2\/pages"}],"about":[{"href":"https:\/\/4rent-thessaloniki.com\/de\/wp-json\/wp\/v2\/types\/page"}],"author":[{"embeddable":true,"href":"https:\/\/4rent-thessaloniki.com\/de\/wp-json\/wp\/v2\/users\/1"}],"replies":[{"embeddable":true,"href":"https:\/\/4rent-thessaloniki.com\/de\/wp-json\/wp\/v2\/comments?post=2462"}],"version-history":[{"count":7,"href":"https:\/\/4rent-thessaloniki.com\/de\/wp-json\/wp\/v2\/pages\/2462\/revisions"}],"predecessor-version":[{"id":4519,"href":"https:\/\/4rent-thessaloniki.com\/de\/wp-json\/wp\/v2\/pages\/2462\/revisions\/4519"}],"up":[{"embeddable":true,"href":"https:\/\/4rent-thessaloniki.com\/de\/wp-json\/wp\/v2\/pages\/3913"}],"wp:attachment":[{"href":"https:\/\/4rent-thessaloniki.com\/de\/wp-json\/wp\/v2\/media?parent=2462"}],"curies":[{"name":"wp","href":"https:\/\/api.w.org\/{rel}","templated":true}]}}