{"id":2464,"date":"2025-12-16T14:05:36","date_gmt":"2025-12-16T12:05:36","guid":{"rendered":"https:\/\/4rent-thessaloniki.com\/karriere-bei-4rent\/"},"modified":"2026-02-28T08:53:49","modified_gmt":"2026-02-28T06:53:49","slug":"job-karriere-bei-4rent","status":"publish","type":"page","link":"https:\/\/4rent-thessaloniki.com\/de\/kontakt\/job-karriere-bei-4rent\/","title":{"rendered":"Karriere bei 4rent"},"content":{"rendered":"\t\t<div data-elementor-type=\"wp-page\" data-elementor-id=\"2464\" class=\"elementor elementor-2464 elementor-1567\" data-elementor-post-type=\"page\">\n\t\t\t\t<div class=\"elementor-element elementor-element-a86a0a6 e-flex e-con-boxed e-con e-parent\" data-id=\"a86a0a6\" data-element_type=\"container\" data-settings=\"{&quot;background_background&quot;:&quot;classic&quot;}\">\n\t\t\t\t\t<div class=\"e-con-inner\">\n\t\t<div class=\"elementor-element elementor-element-e80d053 e-con-full e-flex e-con e-child\" data-id=\"e80d053\" data-element_type=\"container\">\n\t\t\t\t<div class=\"elementor-element elementor-element-0e12ac9 elementor-icon-list--layout-inline elementor-align-left elementor-list-item-link-full_width elementor-invisible elementor-widget elementor-widget-icon-list\" data-id=\"0e12ac9\" data-element_type=\"widget\" data-settings=\"{&quot;_animation_delay&quot;:0,&quot;_animation&quot;:&quot;fadeInUp&quot;}\" data-widget_type=\"icon-list.default\">\n\t\t\t\t\t\t\t<ul class=\"elementor-icon-list-items elementor-inline-items\">\n\t\t\t\t\t\t\t<li class=\"elementor-icon-list-item elementor-inline-item\">\n\t\t\t\t\t\t\t\t\t\t\t<a href=\"#\">\n\n\t\t\t\t\t\t\t\t\t\t\t<span class=\"elementor-icon-list-text\">4RENT<\/span>\n\t\t\t\t\t\t\t\t\t\t\t<\/a>\n\t\t\t\t\t\t\t\t\t<\/li>\n\t\t\t\t\t\t\t\t<li class=\"elementor-icon-list-item elementor-inline-item\">\n\t\t\t\t\t\t\t\t\t\t\t<a href=\"#\">\n\n\t\t\t\t\t\t\t\t\t\t\t\t<span class=\"elementor-icon-list-icon\">\n\t\t\t\t\t\t\t<svg aria-hidden=\"true\" class=\"e-font-icon-svg e-fas-square-full\" viewBox=\"0 0 512 512\" xmlns=\"http:\/\/www.w3.org\/2000\/svg\"><path d=\"M512 512H0V0h512v512z\"><\/path><\/svg>\t\t\t\t\t\t<\/span>\n\t\t\t\t\t\t\t\t\t\t<span class=\"elementor-icon-list-text\">THESSALONIKI<\/span>\n\t\t\t\t\t\t\t\t\t\t\t<\/a>\n\t\t\t\t\t\t\t\t\t<\/li>\n\t\t\t\t\t\t<\/ul>\n\t\t\t\t\t\t<\/div>\n\t\t\t\t<div class=\"elementor-element elementor-element-c34a8a4 elementor-invisible elementor-widget elementor-widget-heading\" data-id=\"c34a8a4\" data-element_type=\"widget\" data-settings=\"{&quot;_animation&quot;:&quot;fadeInUp&quot;,&quot;_animation_delay&quot;:100}\" data-widget_type=\"heading.default\">\n\t\t\t\t\t<h2 class=\"elementor-heading-title elementor-size-default\">KARRIERE \/ STELLENANZEIGE BEI 4RENT THESSALONIKI AUTOVERMIETUNG.<\/h2>\t\t\t\t<\/div>\n\t\t\t\t<\/div>\n\t\t\t\t\t<\/div>\n\t\t\t\t<\/div>\n\t\t<div class=\"elementor-element elementor-element-e125945 e-flex e-con-boxed e-con e-parent\" data-id=\"e125945\" data-element_type=\"container\" data-settings=\"{&quot;background_background&quot;:&quot;classic&quot;}\">\n\t\t\t\t\t<div class=\"e-con-inner\">\n\t\t<div class=\"elementor-element elementor-element-5be3cd3 e-con-full e-flex elementor-invisible e-con e-child\" data-id=\"5be3cd3\" data-element_type=\"container\" data-settings=\"{&quot;animation&quot;:&quot;fadeInUp&quot;}\">\n\t\t\t\t<div class=\"elementor-element elementor-element-f4e6689 elementor-widget elementor-widget-text-editor\" data-id=\"f4e6689\" data-element_type=\"widget\" data-widget_type=\"text-editor.default\">\n\t\t\t\t\t\t\t\t\t<p>Wir suchen neue Kolleginnen und Kollegen zur Verst\u00e4rkung unseres Teams in Thessaloniki!<\/p><p><img decoding=\"async\" class=\"an1\" draggable=\"false\" src=\"https:\/\/fonts.gstatic.com\/s\/e\/notoemoji\/16.0\/1f4cc\/32.png\" alt=\"\ud83d\udccc\" data-emoji=\"\ud83d\udccc\" aria-label=\"\ud83d\udccc\" \/> <strong>Offene Stellen:<\/strong><\/p><ul><li>B\u00fcroangestellter, Call Center &amp; E-Mails<\/li><li><p>Fahrer (Kundenservice, Fahrzeug\u00fcbergaben &amp; -abholungen)<\/p><\/li><li><p>B\u00fcroangestellte\/r (Front Desk, Kundenservice &amp; Reservierungen)<\/p><\/li><li><p>Fahrer \/ Fuhrparkpflege &amp; Organisation<\/p><\/li><li><p>Fahrzeugw\u00e4scher (f\u00fcr die Waschanlage unseres Fuhrparks)<\/p><\/li><li><p>Assistent\/in Buchhaltung (Universit\u00e4tsabschluss, mit Erfahrung Buchf\u00fchrung)<\/p><\/li><\/ul><p><img decoding=\"async\" draggable=\"false\" src=\"https:\/\/fonts.gstatic.com\/s\/e\/notoemoji\/16.0\/2728\/32.png\" alt=\"\u2728\" data-emoji=\"\u2728\" aria-label=\"\u2728\" \/> <strong>Was wir bieten:<\/strong><\/p><ul><li><p>Schulung und kontinuierliche Unterst\u00fctzung<\/p><\/li><li><p>\u00dcberdurchschnittliche Verg\u00fctung<\/p><\/li><li><p>Modernes und gut organisiertes Arbeitsumfeld<\/p><\/li><li><p>Entwicklungsm\u00f6glichkeiten in einem dynamisch wachsenden Unternehmen<\/p><\/li><li>Unbefristete Vollzeitbesch\u00e4ftigung (nicht nur saisonal)<\/li><\/ul><div class=\"cf-content-wrap cf-col-16 \"><div class=\"cf-content cf-col-16\"><div class=\"cf-content-text cf-col cf-col-medium-15\"><div><p>Werden Sie Teil des Teams von 4rent Thessaloniki und helfen Sie uns, unseren Kunden erstklassigen Service zu bieten! <img decoding=\"async\" class=\"an1\" draggable=\"false\" src=\"https:\/\/fonts.gstatic.com\/s\/e\/notoemoji\/16.0\/1f680\/32.png\" alt=\"\ud83d\ude80\" data-emoji=\"\ud83d\ude80\" aria-label=\"\ud83d\ude80\" \/><\/p><\/div><\/div><\/div><\/div><div class=\"cf-form-wrap cf-col-16 \"><div class=\"cf-fields\"><div class=\"cf-control-group \" data-key=\"14\" data-name=\"\u039f\u03bd\u03bf\u03bc\u03b1_\u03ba\u03b1\u03b9_\u03b5\u03c0\u03af\u03b8\u03b5\u03c4\u03bf\" data-label=\"\u039f\u03bd\u03bf\u03bc\u03b1 \u03ba\u03b1\u03b9 \u0395\u03c0\u03af\u03b8\u03b5\u03c4\u03bf\" data-type=\"text\" data-required=\"\"><div class=\"cf-control-label\">\u00a0<\/div><\/div><\/div><\/div>\t\t\t\t\t\t\t\t<\/div>\n\t\t\t\t<div class=\"elementor-element elementor-element-3c95172 elementor-widget__width-initial elementor-button-align-stretch elementor-widget elementor-widget-form\" data-id=\"3c95172\" data-element_type=\"widget\" data-settings=\"{&quot;step_next_label&quot;:&quot;Next&quot;,&quot;step_previous_label&quot;:&quot;Previous&quot;,&quot;button_width&quot;:&quot;100&quot;,&quot;step_type&quot;:&quot;number_text&quot;,&quot;step_icon_shape&quot;:&quot;circle&quot;}\" data-widget_type=\"form.default\">\n\t\t\t\t\t\t\t<form class=\"elementor-form\" method=\"post\" name=\"video_call\" aria-label=\"video_call\">\n\t\t\t<input type=\"hidden\" name=\"post_id\" value=\"2464\"\/>\n\t\t\t<input type=\"hidden\" name=\"form_id\" value=\"3c95172\"\/>\n\t\t\t<input type=\"hidden\" name=\"referer_title\" value=\"\" \/>\n\n\t\t\t\n\t\t\t<div class=\"elementor-form-fields-wrapper elementor-labels-above\">\n\t\t\t\t\t\t\t\t<div class=\"elementor-field-type-text elementor-field-group elementor-column elementor-field-group-name elementor-col-100 elementor-field-required elementor-mark-required\">\n\t\t\t\t\t\t\t\t\t\t\t\t<label for=\"form-field-name\" class=\"elementor-field-label\">\n\t\t\t\t\t\t\t\tVorname &amp; Nachname\t\t\t\t\t\t\t<\/label>\n\t\t\t\t\t\t\t\t\t\t\t\t\t\t<input size=\"1\" type=\"text\" name=\"form_fields[name]\" id=\"form-field-name\" class=\"elementor-field elementor-size-sm  elementor-field-textual\" required=\"required\">\n\t\t\t\t\t\t\t\t\t\t\t<\/div>\n\t\t\t\t\t\t\t\t<div class=\"elementor-field-type-email elementor-field-group elementor-column elementor-field-group-email elementor-col-50 elementor-field-required elementor-mark-required\">\n\t\t\t\t\t\t\t\t\t\t\t\t<label for=\"form-field-email\" class=\"elementor-field-label\">\n\t\t\t\t\t\t\t\tEmail\t\t\t\t\t\t\t<\/label>\n\t\t\t\t\t\t\t\t\t\t\t\t\t\t<input size=\"1\" type=\"email\" name=\"form_fields[email]\" id=\"form-field-email\" class=\"elementor-field elementor-size-sm  elementor-field-textual\" required=\"required\">\n\t\t\t\t\t\t\t\t\t\t\t<\/div>\n\t\t\t\t\t\t\t\t<div class=\"elementor-field-type-tel elementor-field-group elementor-column elementor-field-group-field_8d477ee elementor-col-50 elementor-field-required elementor-mark-required\">\n\t\t\t\t\t\t\t\t\t\t\t\t<label for=\"form-field-field_8d477ee\" class=\"elementor-field-label\">\n\t\t\t\t\t\t\t\tTelefonnummer\t\t\t\t\t\t\t<\/label>\n\t\t\t\t\t\t\t\t<input size=\"1\" type=\"tel\" name=\"form_fields[field_8d477ee]\" id=\"form-field-field_8d477ee\" class=\"elementor-field elementor-size-sm  elementor-field-textual\" required=\"required\" pattern=\"[0-9()#&amp;+*-=.]+\" title=\"Nur Nummern oder Telefon-Zeichen (#, -, *, etc) werden akzeptiert.\">\n\n\t\t\t\t\t\t<\/div>\n\t\t\t\t\t\t\t\t<div class=\"elementor-field-type-text elementor-field-group elementor-column elementor-field-group-field_c214b24 elementor-col-100 elementor-field-required elementor-mark-required\">\n\t\t\t\t\t\t\t\t\t\t\t\t<label for=\"form-field-field_c214b24\" class=\"elementor-field-label\">\n\t\t\t\t\t\t\t\tAnschrift\t\t\t\t\t\t\t<\/label>\n\t\t\t\t\t\t\t\t\t\t\t\t\t\t<input size=\"1\" type=\"text\" name=\"form_fields[field_c214b24]\" id=\"form-field-field_c214b24\" class=\"elementor-field elementor-size-sm  elementor-field-textual\" required=\"required\">\n\t\t\t\t\t\t\t\t\t\t\t<\/div>\n\t\t\t\t\t\t\t\t<div class=\"elementor-field-type-number elementor-field-group elementor-column elementor-field-group-field_6ed9e94 elementor-col-33 elementor-field-required elementor-mark-required\">\n\t\t\t\t\t\t\t\t\t\t\t\t<label for=\"form-field-field_6ed9e94\" class=\"elementor-field-label\">\n\t\t\t\t\t\t\t\tGeburtsdatum\t\t\t\t\t\t\t<\/label>\n\t\t\t\t\t\t\t\t\t<input type=\"number\" name=\"form_fields[field_6ed9e94]\" id=\"form-field-field_6ed9e94\" class=\"elementor-field elementor-size-sm  elementor-field-textual\" required=\"required\" min=\"16\" max=\"100\" >\n\t\t\t\t\t\t<\/div>\n\t\t\t\t\t\t\t\t<div class=\"elementor-field-type-select elementor-field-group elementor-column elementor-field-group-field_76160eb elementor-col-33 elementor-field-required elementor-mark-required\">\n\t\t\t\t\t\t\t\t\t\t\t\t<label for=\"form-field-field_76160eb\" class=\"elementor-field-label\">\n\t\t\t\t\t\t\t\tArbeitslos\t\t\t\t\t\t\t<\/label>\n\t\t\t\t\t\t\t\t<div class=\"elementor-field elementor-select-wrapper remove-before \">\n\t\t\t<div class=\"select-caret-down-wrapper\">\n\t\t\t\t<svg aria-hidden=\"true\" class=\"e-font-icon-svg e-eicon-caret-down\" viewBox=\"0 0 571.4 571.4\" xmlns=\"http:\/\/www.w3.org\/2000\/svg\"><path d=\"M571 393Q571 407 561 418L311 668Q300 679 286 679T261 668L11 418Q0 407 0 393T11 368 36 357H536Q550 357 561 368T571 393Z\"><\/path><\/svg>\t\t\t<\/div>\n\t\t\t<select name=\"form_fields[field_76160eb]\" id=\"form-field-field_76160eb\" class=\"elementor-field-textual elementor-size-sm\" required=\"required\">\n\t\t\t\t\t\t\t\t\t<option value=\"oxi\">Nein<\/option>\n\t\t\t\t\t\t\t\t\t<option value=\"nai\">Ja<\/option>\n\t\t\t\t\t\t\t<\/select>\n\t\t<\/div>\n\t\t\t\t\t\t<\/div>\n\t\t\t\t\t\t\t\t<div class=\"elementor-field-type-select elementor-field-group elementor-column elementor-field-group-field_8f15814 elementor-col-33 elementor-field-required elementor-mark-required\">\n\t\t\t\t\t\t\t\t\t\t\t\t<label for=\"form-field-field_8f15814\" class=\"elementor-field-label\">\n\t\t\t\t\t\t\t\tF\u00fchrerschein Klasse B \t\t\t\t\t\t\t<\/label>\n\t\t\t\t\t\t\t\t<div class=\"elementor-field elementor-select-wrapper remove-before \">\n\t\t\t<div class=\"select-caret-down-wrapper\">\n\t\t\t\t<svg aria-hidden=\"true\" class=\"e-font-icon-svg e-eicon-caret-down\" viewBox=\"0 0 571.4 571.4\" xmlns=\"http:\/\/www.w3.org\/2000\/svg\"><path d=\"M571 393Q571 407 561 418L311 668Q300 679 286 679T261 668L11 418Q0 407 0 393T11 368 36 357H536Q550 357 561 368T571 393Z\"><\/path><\/svg>\t\t\t<\/div>\n\t\t\t<select name=\"form_fields[field_8f15814]\" id=\"form-field-field_8f15814\" class=\"elementor-field-textual elementor-size-sm\" required=\"required\">\n\t\t\t\t\t\t\t\t\t<option value=\"oxi\">Nein<\/option>\n\t\t\t\t\t\t\t\t\t<option value=\"nai\">Ja<\/option>\n\t\t\t\t\t\t\t<\/select>\n\t\t<\/div>\n\t\t\t\t\t\t<\/div>\n\t\t\t\t\t\t\t\t<div class=\"elementor-field-type-select elementor-field-group elementor-column elementor-field-group-field_17d7943 elementor-col-50 elementor-field-required elementor-mark-required\">\n\t\t\t\t\t\t\t\t\t\t\t\t<label for=\"form-field-field_17d7943\" class=\"elementor-field-label\">\n\t\t\t\t\t\t\t\tBerufserfahrung\t\t\t\t\t\t\t<\/label>\n\t\t\t\t\t\t\t\t<div class=\"elementor-field elementor-select-wrapper remove-before \">\n\t\t\t<div class=\"select-caret-down-wrapper\">\n\t\t\t\t<svg aria-hidden=\"true\" class=\"e-font-icon-svg e-eicon-caret-down\" viewBox=\"0 0 571.4 571.4\" xmlns=\"http:\/\/www.w3.org\/2000\/svg\"><path d=\"M571 393Q571 407 561 418L311 668Q300 679 286 679T261 668L11 418Q0 407 0 393T11 368 36 357H536Q550 357 561 368T571 393Z\"><\/path><\/svg>\t\t\t<\/div>\n\t\t\t<select name=\"form_fields[field_17d7943]\" id=\"form-field-field_17d7943\" class=\"elementor-field-textual elementor-size-sm\" required=\"required\">\n\t\t\t\t\t\t\t\t\t<option value=\"oxi\">Nein<\/option>\n\t\t\t\t\t\t\t\t\t<option value=\"nai\">Ja<\/option>\n\t\t\t\t\t\t\t<\/select>\n\t\t<\/div>\n\t\t\t\t\t\t<\/div>\n\t\t\t\t\t\t\t\t<div class=\"elementor-field-type-select elementor-field-group elementor-column elementor-field-group-field_04dd4d8 elementor-col-50 elementor-field-required elementor-mark-required\">\n\t\t\t\t\t\t\t\t\t\t\t\t<label for=\"form-field-field_04dd4d8\" class=\"elementor-field-label\">\n\t\t\t\t\t\t\t\tGrundlegende Computerkenntnisse\t\t\t\t\t\t\t<\/label>\n\t\t\t\t\t\t\t\t<div class=\"elementor-field elementor-select-wrapper remove-before \">\n\t\t\t<div class=\"select-caret-down-wrapper\">\n\t\t\t\t<svg aria-hidden=\"true\" class=\"e-font-icon-svg e-eicon-caret-down\" viewBox=\"0 0 571.4 571.4\" xmlns=\"http:\/\/www.w3.org\/2000\/svg\"><path d=\"M571 393Q571 407 561 418L311 668Q300 679 286 679T261 668L11 418Q0 407 0 393T11 368 36 357H536Q550 357 561 368T571 393Z\"><\/path><\/svg>\t\t\t<\/div>\n\t\t\t<select name=\"form_fields[field_04dd4d8]\" id=\"form-field-field_04dd4d8\" class=\"elementor-field-textual elementor-size-sm\" required=\"required\">\n\t\t\t\t\t\t\t\t\t<option value=\"oxi\">Nein<\/option>\n\t\t\t\t\t\t\t\t\t<option value=\"nai\">Ja<\/option>\n\t\t\t\t\t\t\t<\/select>\n\t\t<\/div>\n\t\t\t\t\t\t<\/div>\n\t\t\t\t\t\t\t\t<div class=\"elementor-field-type-checkbox elementor-field-group elementor-column elementor-field-group-field_05d77c9 elementor-col-100\">\n\t\t\t\t\t\t\t\t\t\t\t\t<label for=\"form-field-field_05d77c9\" class=\"elementor-field-label\">\n\t\t\t\t\t\t\t\tSprachen\t\t\t\t\t\t\t<\/label>\n\t\t\t\t\t\t<div class=\"elementor-field-subgroup  elementor-subgroup-inline\"><span class=\"elementor-field-option\"><input type=\"checkbox\" value=\"greek_lang\" id=\"form-field-field_05d77c9-0\" name=\"form_fields[field_05d77c9][]\"> <label for=\"form-field-field_05d77c9-0\">Griechisch<\/label><\/span><span class=\"elementor-field-option\"><input type=\"checkbox\" value=\"english_lang\" id=\"form-field-field_05d77c9-1\" name=\"form_fields[field_05d77c9][]\"> <label for=\"form-field-field_05d77c9-1\">Englisch<\/label><\/span><span class=\"elementor-field-option\"><input type=\"checkbox\" value=\"german_lang\" id=\"form-field-field_05d77c9-2\" name=\"form_fields[field_05d77c9][]\"> <label for=\"form-field-field_05d77c9-2\">Deutsch<\/label><\/span><span class=\"elementor-field-option\"><input type=\"checkbox\" value=\"italian_lang\" id=\"form-field-field_05d77c9-3\" name=\"form_fields[field_05d77c9][]\"> <label for=\"form-field-field_05d77c9-3\">Italienisch<\/label><\/span><span class=\"elementor-field-option\"><input type=\"checkbox\" value=\"russian_lang\" id=\"form-field-field_05d77c9-4\" name=\"form_fields[field_05d77c9][]\"> <label for=\"form-field-field_05d77c9-4\">Russisch<\/label><\/span><\/div>\t\t\t\t<\/div>\n\t\t\t\t\t\t\t\t<div class=\"elementor-field-type-upload elementor-field-group elementor-column elementor-field-group-field_4b3f8df elementor-col-50 elementor-field-required elementor-mark-required\">\n\t\t\t\t\t\t\t\t\t\t\t\t<label for=\"form-field-field_4b3f8df\" class=\"elementor-field-label\">\n\t\t\t\t\t\t\t\tLaden Sie hier Ihren Lebenslauf hoch<br>\t\t\t\t\t\t\t<\/label>\n\t\t\t\t\t\t\t\t<input type=\"file\" name=\"form_fields[field_4b3f8df]\" id=\"form-field-field_4b3f8df\" class=\"elementor-field elementor-size-sm  elementor-upload-field\" required=\"required\">\n\n\t\t\t\t\t\t<\/div>\n\t\t\t\t\t\t\t\t<div class=\"elementor-field-type-upload elementor-field-group elementor-column elementor-field-group-field_335b9bc elementor-col-50 elementor-field-required elementor-mark-required\">\n\t\t\t\t\t\t\t\t\t\t\t\t<label for=\"form-field-field_335b9bc\" class=\"elementor-field-label\">\n\t\t\t\t\t\t\t\tLaden Sie hier Ihr Foto hoch\t\t\t\t\t\t\t<\/label>\n\t\t\t\t\t\t\t\t<input type=\"file\" name=\"form_fields[field_335b9bc]\" id=\"form-field-field_335b9bc\" class=\"elementor-field elementor-size-sm  elementor-upload-field\" required=\"required\">\n\n\t\t\t\t\t\t<\/div>\n\t\t\t\t\t\t\t\t<div class=\"elementor-field-type-checkbox elementor-field-group elementor-column elementor-field-group-field_6f0d361 elementor-col-100\">\n\t\t\t\t\t\t\t\t\t\t\t\t<label for=\"form-field-field_6f0d361\" class=\"elementor-field-label\">\n\t\t\t\t\t\t\t\tBevorzugte Arbeitsstelle\/en ausw\u00e4hlen\t\t\t\t\t\t\t<\/label>\n\t\t\t\t\t\t<div class=\"elementor-field-subgroup  elementor-subgroup-inline\"><span class=\"elementor-field-option\"><input type=\"checkbox\" value=\"grafeio_callcenter_emails\" id=\"form-field-field_6f0d361-0\" name=\"form_fields[field_6f0d361][]\"> <label for=\"form-field-field_6f0d361-0\">B\u00fcroangestellter, Call Center &amp; E-Mails<\/label><\/span><span class=\"elementor-field-option\"><input type=\"checkbox\" value=\"Buchhalter mit mindestens 5 Jahren Erfahrung in der Buchhaltung\" id=\"form-field-field_6f0d361-1\" name=\"form_fields[field_6f0d361][]\"> <label for=\"form-field-field_6f0d361-1\">Buchhalter mit mindestens 5 Jahren Erfahrung in der Buchhaltung<\/label><\/span><span class=\"elementor-field-option\"><input type=\"checkbox\" value=\"Fahrer, Kundendienst und Fahrzeuglieferungen und -abholungen\" id=\"form-field-field_6f0d361-2\" name=\"form_fields[field_6f0d361][]\"> <label for=\"form-field-field_6f0d361-2\">Fahrer, Kundendienst und Fahrzeuglieferungen und -abholungen<\/label><\/span><span class=\"elementor-field-option\"><input type=\"checkbox\" value=\"Flottenwartung und -organisation\" id=\"form-field-field_6f0d361-3\" name=\"form_fields[field_6f0d361][]\"> <label for=\"form-field-field_6f0d361-3\">Flottenwartung und -organisation<\/label><\/span><span class=\"elementor-field-option\"><input type=\"checkbox\" value=\"Fahrzeugw\u00e4scher f\u00fcr unseren Fuhrpark\" id=\"form-field-field_6f0d361-4\" name=\"form_fields[field_6f0d361][]\"> <label for=\"form-field-field_6f0d361-4\">Fahrzeugw\u00e4scher f\u00fcr unseren Fuhrpark<\/label><\/span><\/div>\t\t\t\t<\/div>\n\t\t\t\t\t\t\t\t<div class=\"elementor-field-type-checkbox elementor-field-group elementor-column elementor-field-group-field_1fb7530 elementor-col-100\">\n\t\t\t\t\t\t\t\t\t\t\t\t<label for=\"form-field-field_1fb7530\" class=\"elementor-field-label\">\n\t\t\t\t\t\t\t\tW\u00e4hlen Sie die Stadt, die Sie w\u00fcnschen\t\t\t\t\t\t\t<\/label>\n\t\t\t\t\t\t<div class=\"elementor-field-subgroup  elementor-subgroup-inline\"><span class=\"elementor-field-option\"><input type=\"checkbox\" value=\"Flughafen Thessaloniki\" id=\"form-field-field_1fb7530-0\" name=\"form_fields[field_1fb7530]\"> <label for=\"form-field-field_1fb7530-0\">Flughafen Thessaloniki<\/label><\/span><\/div>\t\t\t\t<\/div>\n\t\t\t\t\t\t\t\t<div class=\"elementor-field-type-select elementor-field-group elementor-column elementor-field-group-field_c98d70f elementor-col-100 elementor-field-required elementor-mark-required\">\n\t\t\t\t\t\t\t\t\t\t\t\t<label for=\"form-field-field_c98d70f\" class=\"elementor-field-label\">\n\t\t\t\t\t\t\t\tWoher haben Sie \u00fcber diese Stellenanzeige geh\u00f6rt?\t\t\t\t\t\t\t<\/label>\n\t\t\t\t\t\t\t\t<div class=\"elementor-field elementor-select-wrapper remove-before \">\n\t\t\t<div class=\"select-caret-down-wrapper\">\n\t\t\t\t<svg aria-hidden=\"true\" class=\"e-font-icon-svg e-eicon-caret-down\" viewBox=\"0 0 571.4 571.4\" xmlns=\"http:\/\/www.w3.org\/2000\/svg\"><path d=\"M571 393Q571 407 561 418L311 668Q300 679 286 679T261 668L11 418Q0 407 0 393T11 368 36 357H536Q550 357 561 368T571 393Z\"><\/path><\/svg>\t\t\t<\/div>\n\t\t\t<select name=\"form_fields[field_c98d70f]\" id=\"form-field-field_c98d70f\" class=\"elementor-field-textual elementor-size-sm\" required=\"required\">\n\t\t\t\t\t\t\t\t\t<option value=\"web\">Online-Websuche<\/option>\n\t\t\t\t\t\t\t\t\t<option value=\"socail_media\">Sozialen Medien (Facebook, Instagram usw.)<\/option>\n\t\t\t\t\t\t\t\t\t<option value=\"gnostos\">Durch einen Bekannten<\/option>\n\t\t\t\t\t\t\t<\/select>\n\t\t<\/div>\n\t\t\t\t\t\t<\/div>\n\t\t\t\t\t\t\t\t<div class=\"elementor-field-type-textarea elementor-field-group elementor-column elementor-field-group-field_8db81ac elementor-col-100 elementor-field-required elementor-mark-required\">\n\t\t\t\t\t\t\t\t\t\t\t\t<label for=\"form-field-field_8db81ac\" class=\"elementor-field-label\">\n\t\t\t\t\t\t\t\tWeitere Informationen \u00fcber Sie\t\t\t\t\t\t\t<\/label>\n\t\t\t\t\t\t<textarea class=\"elementor-field-textual elementor-field  elementor-size-sm\" name=\"form_fields[field_8db81ac]\" id=\"form-field-field_8db81ac\" rows=\"4\" required=\"required\"><\/textarea>\t\t\t\t<\/div>\n\t\t\t\t\t\t\t\t<div class=\"elementor-field-group elementor-column elementor-field-type-submit elementor-col-100 e-form__buttons\">\n\t\t\t\t\t<button class=\"elementor-button elementor-size-sm\" type=\"submit\">\n\t\t\t\t\t\t<span class=\"elementor-button-content-wrapper\">\n\t\t\t\t\t\t\t\t\t\t\t\t\t\t\t\t\t\t\t\t\t\t<span class=\"elementor-button-text\">Anfrage senden<\/span>\n\t\t\t\t\t\t\t\t\t\t\t\t\t<\/span>\n\t\t\t\t\t<\/button>\n\t\t\t\t<\/div>\n\t\t\t<\/div>\n\t\t<\/form>\n\t\t\t\t\t\t<\/div>\n\t\t\t\t<\/div>\n\t\t\t\t<div class=\"elementor-element elementor-element-1c5f13a elementor-widget__width-initial elementor-widget elementor-widget-text-editor\" data-id=\"1c5f13a\" data-element_type=\"widget\" data-widget_type=\"text-editor.default\">\n\t\t\t\t\t\t\t\t\t<section id=\"g-bottom\"><div class=\"g-container\"><div class=\"g-grid\"><div class=\"g-block size-100\"><div class=\"g-content\"><div class=\"platform-content\"><div id=\"cf_9\" class=\"convertforms cf cf-img-left cf-form-bottom cf-success-hideform cf-hasLabels cf-labelpos-top cf-init\" data-id=\"9\"><form id=\"cf9\" action=\"https:\/\/4rent-thessaloniki.com\/el\/epokoinonia\/synergates\/gine-synergatis\/ksenodoxeio-i-airbnb-enoikiasi-autokinitou-thessaloniki#\" method=\"post\" name=\"cf9\"><div class=\"cf-form-wrap cf-col-16 \"><div class=\"cf-footer\"><section id=\"g-bottom\"><div class=\"g-container\"><div class=\"g-grid\"><div class=\"g-block size-100\"><div class=\"g-content\"><div class=\"platform-content\"><div id=\"cf_6\" class=\"convertforms cf cf-img-left cf-form-bottom cf-success-hideform cf-hasLabels cf-labelpos-top cf-init\" data-id=\"6\"><div class=\"cf-form-wrap cf-col-16 \"><div class=\"cf-footer\"><section id=\"g-container-8410\" class=\"g-wrapper\"><div class=\"g-container\"><div class=\"g-grid\"><div class=\"g-block size-100\"><section id=\"g-mainbar\"><div class=\"g-grid\"><div class=\"g-block size-100\"><div class=\"g-content\"><div class=\"platform-content container\"><div class=\"row\"><div class=\"col\"><div id=\"cf_36\" class=\"convertforms cf cf-img-left cf-form-bottom cf-success-hideform cf-hasLabels cf-labelpos-top cf-init\" data-id=\"36\"><div class=\"cf-form-wrap cf-col-16 \"><div class=\"cf-footer\"><p>Wir werden Ihre Anfrage bearbeiten und Sie erhalten umgehend eine negative oder positive Nachricht, um einen Termin zu organisieren f\u00fcr einen Bewerbungsgespr\u00e4ch.<br>Im Falle einer Ablehnung werden Ihre gesendeten Daten umgehend aus unserer Liste gel\u00f6scht. <\/p><\/div><\/div><\/div><\/div><\/div><\/div><\/div><\/div><\/div><\/section><\/div><\/div><\/div><\/section><\/div><\/div><\/div><\/div><\/div><\/div><\/div><\/div><\/section><\/div><\/div><\/form><\/div><\/div><\/div><\/div><\/div><\/div><\/section>\t\t\t\t\t\t\t\t<\/div>\n\t\t\t\t\t<\/div>\n\t\t\t\t<\/div>\n\t\t\t\t<\/div>\n\t\t","protected":false},"excerpt":{"rendered":"<p>4RENT THESSALONIKI KARRIERE \/ STELLENANZEIGE BEI 4RENT THESSALONIKI AUTOVERMIETUNG. Wir suchen neue Kolleginnen und Kollegen zur Verst\u00e4rkung unseres Teams in Thessaloniki! Offene Stellen: B\u00fcroangestellter, Call Center &amp; E-Mails Fahrer (Kundenservice, Fahrzeug\u00fcbergaben &amp; -abholungen) B\u00fcroangestellte\/r (Front Desk, Kundenservice &amp; Reservierungen) Fahrer \/ Fuhrparkpflege &amp; Organisation Fahrzeugw\u00e4scher (f\u00fcr die Waschanlage unseres Fuhrparks) Assistent\/in Buchhaltung (Universit\u00e4tsabschluss, mit Erfahrung [&hellip;]<\/p>\n","protected":false},"author":1,"featured_media":0,"parent":3909,"menu_order":0,"comment_status":"closed","ping_status":"closed","template":"","meta":{"footnotes":""},"class_list":["post-2464","page","type-page","status-publish","hentry"],"_links":{"self":[{"href":"https:\/\/4rent-thessaloniki.com\/de\/wp-json\/wp\/v2\/pages\/2464","targetHints":{"allow":["GET"]}}],"collection":[{"href":"https:\/\/4rent-thessaloniki.com\/de\/wp-json\/wp\/v2\/pages"}],"about":[{"href":"https:\/\/4rent-thessaloniki.com\/de\/wp-json\/wp\/v2\/types\/page"}],"author":[{"embeddable":true,"href":"https:\/\/4rent-thessaloniki.com\/de\/wp-json\/wp\/v2\/users\/1"}],"replies":[{"embeddable":true,"href":"https:\/\/4rent-thessaloniki.com\/de\/wp-json\/wp\/v2\/comments?post=2464"}],"version-history":[{"count":16,"href":"https:\/\/4rent-thessaloniki.com\/de\/wp-json\/wp\/v2\/pages\/2464\/revisions"}],"predecessor-version":[{"id":4740,"href":"https:\/\/4rent-thessaloniki.com\/de\/wp-json\/wp\/v2\/pages\/2464\/revisions\/4740"}],"up":[{"embeddable":true,"href":"https:\/\/4rent-thessaloniki.com\/de\/wp-json\/wp\/v2\/pages\/3909"}],"wp:attachment":[{"href":"https:\/\/4rent-thessaloniki.com\/de\/wp-json\/wp\/v2\/media?parent=2464"}],"curies":[{"name":"wp","href":"https:\/\/api.w.org\/{rel}","templated":true}]}}