{"id":6063,"date":"2026-03-30T16:04:02","date_gmt":"2026-03-30T13:04:02","guid":{"rendered":"https:\/\/4rent-thessaloniki.com\/autovermietung-in-athen-flughafen\/"},"modified":"2026-04-11T13:35:04","modified_gmt":"2026-04-11T10:35:04","slug":"autovermietung-in-athen-flughafen","status":"publish","type":"page","link":"https:\/\/4rent-thessaloniki.com\/de\/autovermietung-in-athen-flughafen\/","title":{"rendered":"Mietwagen in Athen"},"content":{"rendered":"\t\t<div data-elementor-type=\"wp-page\" data-elementor-id=\"6063\" class=\"elementor elementor-6063 elementor-5859\" data-elementor-post-type=\"page\">\n\t\t\t\t<div class=\"elementor-element elementor-element-4c000734 e-flex e-con-boxed e-con e-parent\" data-id=\"4c000734\" data-element_type=\"container\" data-settings=\"{&quot;background_background&quot;:&quot;classic&quot;}\">\n\t\t\t\t\t<div class=\"e-con-inner\">\n\t\t<div class=\"elementor-element elementor-element-3bc37934 e-con-full e-flex e-con e-child\" data-id=\"3bc37934\" data-element_type=\"container\">\n\t\t\t\t<div class=\"elementor-element elementor-element-326e37c6 elementor-icon-list--layout-inline elementor-align-left elementor-list-item-link-full_width elementor-invisible elementor-widget elementor-widget-icon-list\" data-id=\"326e37c6\" data-element_type=\"widget\" data-settings=\"{&quot;_animation_delay&quot;:0,&quot;_animation&quot;:&quot;fadeInUp&quot;}\" data-widget_type=\"icon-list.default\">\n\t\t\t\t\t\t\t<ul class=\"elementor-icon-list-items elementor-inline-items\">\n\t\t\t\t\t\t\t<li class=\"elementor-icon-list-item elementor-inline-item\">\n\t\t\t\t\t\t\t\t\t\t\t<a href=\"#\">\n\n\t\t\t\t\t\t\t\t\t\t\t<span class=\"elementor-icon-list-text\">4RENT<\/span>\n\t\t\t\t\t\t\t\t\t\t\t<\/a>\n\t\t\t\t\t\t\t\t\t<\/li>\n\t\t\t\t\t\t\t\t<li class=\"elementor-icon-list-item elementor-inline-item\">\n\t\t\t\t\t\t\t\t\t\t\t<a href=\"#\">\n\n\t\t\t\t\t\t\t\t\t\t\t\t<span class=\"elementor-icon-list-icon\">\n\t\t\t\t\t\t\t<svg aria-hidden=\"true\" class=\"e-font-icon-svg e-fas-square-full\" viewBox=\"0 0 512 512\" xmlns=\"http:\/\/www.w3.org\/2000\/svg\"><path d=\"M512 512H0V0h512v512z\"><\/path><\/svg>\t\t\t\t\t\t<\/span>\n\t\t\t\t\t\t\t\t\t\t<span class=\"elementor-icon-list-text\">THESSALONIKI<\/span>\n\t\t\t\t\t\t\t\t\t\t\t<\/a>\n\t\t\t\t\t\t\t\t\t<\/li>\n\t\t\t\t\t\t<\/ul>\n\t\t\t\t\t\t<\/div>\n\t\t\t\t<div class=\"elementor-element elementor-element-64ec1428 elementor-invisible elementor-widget elementor-widget-heading\" data-id=\"64ec1428\" data-element_type=\"widget\" data-settings=\"{&quot;_animation&quot;:&quot;fadeInUp&quot;,&quot;_animation_delay&quot;:100}\" data-widget_type=\"heading.default\">\n\t\t\t\t\t<h2 class=\"elementor-heading-title elementor-size-default\">AUTOVERMIETUNG IN ATHEN<\/h2>\t\t\t\t<\/div>\n\t\t\t\t<\/div>\n\t\t\t\t\t<\/div>\n\t\t\t\t<\/div>\n\t\t<div class=\"elementor-element elementor-element-43f0d94b e-flex e-con-boxed e-con e-parent\" data-id=\"43f0d94b\" data-element_type=\"container\" data-settings=\"{&quot;background_background&quot;:&quot;classic&quot;}\">\n\t\t\t\t\t<div class=\"e-con-inner\">\n\t\t<div class=\"elementor-element elementor-element-362066a1 e-con-full e-flex elementor-invisible e-con e-child\" data-id=\"362066a1\" data-element_type=\"container\" data-settings=\"{&quot;animation&quot;:&quot;fadeInUp&quot;}\">\n\t\t\t\t<div class=\"elementor-element elementor-element-43ca3a5a elementor-widget elementor-widget-heading\" data-id=\"43ca3a5a\" data-element_type=\"widget\" data-widget_type=\"heading.default\">\n\t\t\t\t\t<h2 class=\"elementor-heading-title elementor-size-default\">[Athen]<\/h2>\t\t\t\t<\/div>\n\t\t\t\t<div class=\"elementor-element elementor-element-3084b0ba elementor-widget__width-initial elementor-widget elementor-widget-heading\" data-id=\"3084b0ba\" data-element_type=\"widget\" data-widget_type=\"heading.default\">\n\t\t\t\t\t<h2 class=\"elementor-heading-title elementor-size-default\">Autovermietung in Athen am Flughafen<\/h2>\t\t\t\t<\/div>\n\t\t\t\t<div class=\"elementor-element elementor-element-39869577 elementor-widget elementor-widget-text-editor\" data-id=\"39869577\" data-element_type=\"widget\" data-widget_type=\"text-editor.default\">\n\t\t\t\t\t\t\t\t\t<p>Mieten Sie einen Mietwagen in Athen ohne Kaution und ohne Kreditkarte. Unbegrenzte Kilometer, neue Fahrzeuge und Vollkaskoversicherung ohne Selbstbeteiligung. <\/p>\t\t\t\t\t\t\t\t<\/div>\n\t\t\t\t<\/div>\n\t\t<div class=\"elementor-element elementor-element-49390e54 e-con-full e-flex e-con e-child\" data-id=\"49390e54\" data-element_type=\"container\">\n\t\t<div class=\"elementor-element elementor-element-766dcd15 e-flex e-con-boxed elementor-invisible e-con e-child\" data-id=\"766dcd15\" data-element_type=\"container\" data-settings=\"{&quot;background_background&quot;:&quot;classic&quot;,&quot;animation&quot;:&quot;fadeInUp&quot;,&quot;animation_delay&quot;:100}\">\n\t\t\t\t\t<div class=\"e-con-inner\">\n\t\t<div class=\"elementor-element elementor-element-1c4b628 e-con-full e-flex e-con e-child\" data-id=\"1c4b628\" data-element_type=\"container\">\n\t\t\t\t<div class=\"elementor-element elementor-element-1794531f elementor-widget elementor-widget-heading\" data-id=\"1794531f\" data-element_type=\"widget\" data-widget_type=\"heading.default\">\n\t\t\t\t\t<h2 class=\"elementor-heading-title elementor-size-default\">Unser Service:<\/h2>\t\t\t\t<\/div>\n\t\t\t\t<div class=\"elementor-element elementor-element-2fe723d4 elementor-widget elementor-widget-text-editor\" data-id=\"2fe723d4\" data-element_type=\"widget\" data-widget_type=\"text-editor.default\">\n\t\t\t\t\t\t\t\t\t<div>\u2705 Sie wissen genau, bei welchem Unternehmen Sie buchen<strong> ohne Drittanbieter<\/strong><\/div><div>\u2705 <strong>Vollkaskoschutz ohne<\/strong> <strong>Selbstbeteiligung<\/strong><\/div><div>\u2705<strong> Inklusive Reifen, Unterboden und Glas<\/strong><\/div><div><strong>\u2705<\/strong><strong> Ohne Kaution\u00a0<\/strong><\/div><div><strong>\u2705<\/strong><strong> Ohne Kreditkarte<\/strong><\/div><div>\u2705<strong> Alle Zahlungsmethoden<\/strong> werden akzeptiert<\/div><div>\u2705 Inklusive <strong>Zusatzfahrer<\/strong><\/div><div>\u2705 <strong>Unbegrenzte<\/strong> Kilometer<\/div><div>\u2705 <strong>Modernste Flotte<\/strong> auf dem Markt<\/div><div>\u2705 <strong>Ohne Schadensprotokoll<\/strong> bei Annahme<\/div><div>\u2705 Anzahlung nur <strong>49,00\u20ac<\/strong><\/div><div>\u2705 <strong>Kostenfreie Stornierung<\/strong> mit dem Premium-Paket<\/div><div><strong>\u2705<\/strong><strong> Versicherungsschutz<\/strong> f\u00fcr F\u00e4hr\u00fcberfahrten<\/div><div>\u2705 <strong>Saubere, gepflegte Autos<\/strong><\/div><div>\u2705 <strong>24-Stunden-Bereitstellungsservice<\/strong> f\u00fcr Annahme und R\u00fcckgabe, egal ob Flugversp\u00e4tung, wir sind rund um die Uhr f\u00fcr Sie da (niemand muss am Flughafen \u00fcbernachten)<\/div><div>\u2705 <strong>24h Erreichbarkeit<\/strong> in Notf\u00e4llen<\/div><div>\u2705 <strong>Kostenfreien Shuttle-BUS<\/strong><\/div><div>\u2705 <strong>Kindersitz<\/strong> pauschal ab <strong>10,00\u20ac<\/strong> pro Sitz\/Buchung<\/div><div>\u2705 \u00dcber <strong>3000 positive Bewertungen auf Google und Trustpilot <\/strong><strong>\u2b50\ufe0f\u2b50\ufe0f\u2b50\ufe0f\u2b50\ufe0f\u2b50\ufe0f<\/strong><\/div><div>\u2705 Fast jeder von uns spricht auch Deutsch<\/div>\t\t\t\t\t\t\t\t<\/div>\n\t\t\t\t<\/div>\n\t\t\t\t\t<\/div>\n\t\t\t\t<\/div>\n\t\t\t\t<\/div>\n\t\t\t\t<div class=\"elementor-element elementor-element-3c27dee3 elementor-align-center elementor-widget elementor-widget-button\" data-id=\"3c27dee3\" data-element_type=\"widget\" data-widget_type=\"button.default\">\n\t\t\t\t\t\t\t\t\t\t<a class=\"elementor-button elementor-button-link elementor-size-sm\" href=\"https:\/\/4rent-thessaloniki.com\/de\/buchen\/\">\n\t\t\t\t\t\t<span class=\"elementor-button-content-wrapper\">\n\t\t\t\t\t\t\t\t\t<span class=\"elementor-button-text\">BUCHEN SIE HIER<\/span>\n\t\t\t\t\t<\/span>\n\t\t\t\t\t<\/a>\n\t\t\t\t\t\t\t\t<\/div>\n\t\t\t\t\t<\/div>\n\t\t\t\t<\/div>\n\t\t<div class=\"elementor-element elementor-element-7cee339 e-flex e-con-boxed e-con e-parent\" data-id=\"7cee339\" data-element_type=\"container\">\n\t\t\t\t\t<div class=\"e-con-inner\">\n\t\t\t\t<div class=\"elementor-element elementor-element-5266ee9 elementor-widget elementor-widget-video\" data-id=\"5266ee9\" data-element_type=\"widget\" data-settings=\"{&quot;youtube_url&quot;:&quot;https:\\\/\\\/youtu.be\\\/HHyS7lxU7aE&quot;,&quot;video_type&quot;:&quot;youtube&quot;,&quot;controls&quot;:&quot;yes&quot;}\" data-widget_type=\"video.default\">\n\t\t\t\t\t\t\t<div class=\"elementor-wrapper elementor-open-inline\">\n\t\t\t<div class=\"elementor-video\"><\/div>\t\t<\/div>\n\t\t\t\t\t\t<\/div>\n\t\t\t\t\t<\/div>\n\t\t\t\t<\/div>\n\t\t\t\t<\/div>\n\t\t","protected":false},"excerpt":{"rendered":"<p>4RENT THESSALONIKI AUTOVERMIETUNG IN ATHEN [Athen] Autovermietung in Athen am Flughafen Mieten Sie einen Mietwagen in Athen ohne Kaution und ohne Kreditkarte. Unbegrenzte Kilometer, neue Fahrzeuge und Vollkaskoversicherung ohne Selbstbeteiligung. Unser Service: \u2705 Sie wissen genau, bei welchem Unternehmen Sie buchen ohne Drittanbieter\u2705 Vollkaskoschutz ohne Selbstbeteiligung\u2705 Inklusive Reifen, Unterboden und Glas\u2705 Ohne Kaution\u00a0\u2705 Ohne Kreditkarte\u2705 [&hellip;]<\/p>\n","protected":false},"author":5,"featured_media":0,"parent":0,"menu_order":0,"comment_status":"closed","ping_status":"closed","template":"","meta":{"footnotes":""},"class_list":["post-6063","page","type-page","status-publish","hentry"],"_links":{"self":[{"href":"https:\/\/4rent-thessaloniki.com\/de\/wp-json\/wp\/v2\/pages\/6063","targetHints":{"allow":["GET"]}}],"collection":[{"href":"https:\/\/4rent-thessaloniki.com\/de\/wp-json\/wp\/v2\/pages"}],"about":[{"href":"https:\/\/4rent-thessaloniki.com\/de\/wp-json\/wp\/v2\/types\/page"}],"author":[{"embeddable":true,"href":"https:\/\/4rent-thessaloniki.com\/de\/wp-json\/wp\/v2\/users\/5"}],"replies":[{"embeddable":true,"href":"https:\/\/4rent-thessaloniki.com\/de\/wp-json\/wp\/v2\/comments?post=6063"}],"version-history":[{"count":10,"href":"https:\/\/4rent-thessaloniki.com\/de\/wp-json\/wp\/v2\/pages\/6063\/revisions"}],"predecessor-version":[{"id":6076,"href":"https:\/\/4rent-thessaloniki.com\/de\/wp-json\/wp\/v2\/pages\/6063\/revisions\/6076"}],"wp:attachment":[{"href":"https:\/\/4rent-thessaloniki.com\/de\/wp-json\/wp\/v2\/media?parent=6063"}],"curies":[{"name":"wp","href":"https:\/\/api.w.org\/{rel}","templated":true}]}}