{"id":2835,"date":"2025-12-16T13:33:19","date_gmt":"2025-12-16T11:33:19","guid":{"rendered":"https:\/\/4rent-thessaloniki.com\/politica-di-protezione-dei-dati\/"},"modified":"2026-02-03T17:55:50","modified_gmt":"2026-02-03T15:55:50","slug":"politica-di-protezione-dei-dati","status":"publish","type":"page","link":"https:\/\/4rent-thessaloniki.com\/it\/politica-di-protezione-dei-dati\/","title":{"rendered":"Politica di protezione dei dati"},"content":{"rendered":"\t\t<div data-elementor-type=\"wp-page\" data-elementor-id=\"2835\" class=\"elementor elementor-2835 elementor-1535\" data-elementor-post-type=\"page\">\n\t\t\t\t<div class=\"elementor-element elementor-element-6cc6733 e-flex e-con-boxed e-con e-parent\" data-id=\"6cc6733\" data-element_type=\"container\" data-settings=\"{&quot;background_background&quot;:&quot;classic&quot;}\">\n\t\t\t\t\t<div class=\"e-con-inner\">\n\t\t<div class=\"elementor-element elementor-element-5333e43 e-con-full e-flex e-con e-child\" data-id=\"5333e43\" data-element_type=\"container\">\n\t\t\t\t<div class=\"elementor-element elementor-element-b545db1 elementor-icon-list--layout-inline elementor-align-left elementor-list-item-link-full_width elementor-invisible elementor-widget elementor-widget-icon-list\" data-id=\"b545db1\" data-element_type=\"widget\" data-settings=\"{&quot;_animation_delay&quot;:0,&quot;_animation&quot;:&quot;fadeInUp&quot;}\" data-widget_type=\"icon-list.default\">\n\t\t\t\t\t\t\t<ul class=\"elementor-icon-list-items elementor-inline-items\">\n\t\t\t\t\t\t\t<li class=\"elementor-icon-list-item elementor-inline-item\">\n\t\t\t\t\t\t\t\t\t\t\t<a href=\"#\">\n\n\t\t\t\t\t\t\t\t\t\t\t<span class=\"elementor-icon-list-text\">4RENT<\/span>\n\t\t\t\t\t\t\t\t\t\t\t<\/a>\n\t\t\t\t\t\t\t\t\t<\/li>\n\t\t\t\t\t\t\t\t<li class=\"elementor-icon-list-item elementor-inline-item\">\n\t\t\t\t\t\t\t\t\t\t\t<a href=\"#\">\n\n\t\t\t\t\t\t\t\t\t\t\t\t<span class=\"elementor-icon-list-icon\">\n\t\t\t\t\t\t\t<svg aria-hidden=\"true\" class=\"e-font-icon-svg e-fas-square-full\" viewBox=\"0 0 512 512\" xmlns=\"http:\/\/www.w3.org\/2000\/svg\"><path d=\"M512 512H0V0h512v512z\"><\/path><\/svg>\t\t\t\t\t\t<\/span>\n\t\t\t\t\t\t\t\t\t\t<span class=\"elementor-icon-list-text\">SALONICCO<\/span>\n\t\t\t\t\t\t\t\t\t\t\t<\/a>\n\t\t\t\t\t\t\t\t\t<\/li>\n\t\t\t\t\t\t<\/ul>\n\t\t\t\t\t\t<\/div>\n\t\t\t\t<div class=\"elementor-element elementor-element-f8777c3 elementor-invisible elementor-widget elementor-widget-heading\" data-id=\"f8777c3\" data-element_type=\"widget\" data-settings=\"{&quot;_animation&quot;:&quot;fadeInUp&quot;,&quot;_animation_delay&quot;:100}\" data-widget_type=\"heading.default\">\n\t\t\t\t\t<h2 class=\"elementor-heading-title elementor-size-default\">Privacy Policy EU-GDPR<\/h2>\t\t\t\t<\/div>\n\t\t\t\t<\/div>\n\t\t\t\t\t<\/div>\n\t\t\t\t<\/div>\n\t\t<div class=\"elementor-element elementor-element-7b80727 e-flex e-con-boxed e-con e-parent\" data-id=\"7b80727\" data-element_type=\"container\" data-settings=\"{&quot;background_background&quot;:&quot;classic&quot;}\">\n\t\t\t\t\t<div class=\"e-con-inner\">\n\t\t<div class=\"elementor-element elementor-element-bb50576 e-con-full e-flex elementor-invisible e-con e-child\" data-id=\"bb50576\" data-element_type=\"container\" data-settings=\"{&quot;animation&quot;:&quot;fadeInUp&quot;}\">\n\t\t\t\t<div class=\"elementor-element elementor-element-261ec3c elementor-widget elementor-widget-text-editor\" data-id=\"261ec3c\" data-element_type=\"widget\" data-widget_type=\"text-editor.default\">\n\t\t\t\t\t\t\t\t\t<p>Questo Avviso \u00e8 stato redatto in conformit\u00e0 con il nuovo Regolamento generale sulla protezione dei dati europeo 2016\/679 al fine di informarvi sul trattamento dei vostri dati personali da parte di \"4rent Thessaloniki\". \"4rent Thessaloniki\" potrebbe modificare la sua politica sui dati in qualsiasi momento e senza preavviso. Eventuali modifiche saranno comunicate sul nostro sito web\u00a0<a href=\"http:\/\/www.4rent-thessaloniki.com\/\" target=\"_new\">www.4rent-thessaloniki.com<\/a>. Navigando e utilizzando il nostro sito web, tutti gli utenti dichiarano di aver letto, compreso e acconsentito inequivocabilmente a questo Avviso sulla privacy.<\/p>\n<p>In questo Avviso potrete trovare informazioni importanti sulla natura dei dati personali che raccogliamo e conserviamo, sul loro trattamento e sul periodo per cui li conserviamo, nonch\u00e9 sui vostri diritti in quanto interessati. Se avete domande relative al trattamento dei vostri dati personali da parte di \"4rent Thessaloniki\" e\/o sui vostri diritti, siamo a vostra disposizione all'indirizzo\u00a0<a href=\"mailto:info@4rent-thessaloniki.com\">info@4rent-thessaloniki.com<\/a>.<\/p>\n<p>Responsabile del trattamento<\/p>\n<p>I dati personali che ci avete fornito sono soggetti a trattamento da parte di \"4rent Thessaloniki\" in qualit\u00e0 di responsabile del trattamento (dati di contatto:\u00a0<a href=\"mailto:info@4rent-thessaloniki.com\">info@4rent-thessaloniki.com<\/a>, Indirizzo: 14 km Thessalonikis-Moudanion - Thermi 57001 Tel: +30 2310460035), esclusivamente nel contesto dei vostri rapporti con \"4rent Thessaloniki\" o per navigare sul nostro sito web o per la vostra iscrizione alla nostra newsletter.<\/p>\n<p>Dati di Geolocalizzazione (GPS): La flotta di 4rent Thessaloniki ha installato sistemi di geolocalizzazione (GPS). Questi sistemi sono attivati esclusivamente in caso di furto del veicolo e solo dopo notifica da parte del locatario o del conducente. La base legale di questo trattamento si basa sull'interesse legittimo a proteggere la propriet\u00e0 dell'azienda.<\/p>\n<p>Dati personali degli utenti Internet da raccogliere e conservare<\/p>\n<p>Tra i dati che ci fornite elettronicamente (ad esempio, navigando sul nostro sito web, iscrivendovi alla nostra newsletter, ecc.), conserviamo dati personali, accessibili ai nostri dipendenti e\/o partner di \"4rent Thessaloniki\", che riguardano la vostra navigazione sul nostro sito web\u00a0<a href=\"http:\/\/www.4rent-thessaloniki.com\/\" target=\"_new\">www.4rent-thessaloniki.com<\/a>\u00a0o sulle nostre pagine sui social media (Facebook, ecc.) e la vostra iscrizione alla nostra newsletter. Per l'iscrizione alla nostra newsletter vi chiediamo di fornirci e conserviamo il vostro nome, cognome e un indirizzo email.<\/p>\n<p>Tenete presente che \"4rent Thessaloniki\" non pu\u00f2 influenzare o controllare la natura e l'estensione dei dati personali raccolti e conservati dalle pagine dei social media come condizione o risultato del loro utilizzo, e non pu\u00f2 essere ritenuta responsabile per la raccolta e il trattamento dei dati personali da parte di esse. Per saperne di pi\u00f9 sugli scopi della raccolta, del trattamento e dell'uso dei dati personali da parte delle pagine dei social media, nonch\u00e9 sui vostri diritti e sulle impostazioni disponibili per la protezione della vostra privacy, vi invitiamo a leggere le politiche sulla protezione dei dati delle pagine dei social media che state utilizzando.<\/p>\n<p>Politica sui cookie<\/p>\n<p>In particolare, durante la vostra navigazione sul nostro sito web\u00a0<a href=\"http:\/\/www.4rent-thessaloniki.com\/\" target=\"_new\">www.4rent-thessaloniki.com<\/a>, \"4rent Thessaloniki\" potrebbe raccogliere dati di identificazione dell'utente utilizzando tecnologie come i cookie e\/o il tracciamento dell'indirizzo IP (Internet Protocol).<\/p>\n<p>Finalit\u00e0 del trattamento e durata della conservazione<\/p>\n<p>Il trattamento \u00e8 necessario per la vostra navigazione su Internet e l'uso dei nostri servizi online. Continueremo a trattare i vostri dati fino a quando non richiederete che cessiamo.<\/p>\n<p>Invio di newsletter<\/p>\n<p>Con la richiesta completata di noleggio auto tramite il nostro sistema, entrate automaticamente nel nostro database della newsletter. Vi offriamo anche la possibilit\u00e0 di registrare manualmente la newsletter. Riceverete pubblicit\u00e0 via e-mail da parte nostra (ad esempio, su nuovi prodotti e\/o servizi disponibili, offerte speciali, nuove stazioni di noleggio auto, ecc.). Vuoi annullare l'iscrizione alla newsletter? Scriveteci una e-mail con \"Termina newsletter\" e non riceverete pi\u00f9 la newsletter.<\/p>\n<p>I vostri diritti in merito al trattamento dei vostri dati personali<\/p>\n<p>Quando lo desiderate, avete il diritto di richiedere informazioni sul trattamento dei vostri dati personali da parte di \"4rent Thessaloniki\". In particolare, avete il diritto di:<\/p>\n<ul>\n<li>Ricevere conferma da \"4rent Thessaloniki\" che vengano o meno trattati dati personali che vi riguardano e dove.<\/li>\n<li>Ottenere l'accesso ai vostri dati personali e informazioni sul loro trattamento, cio\u00e8 i destinatari dei vostri dati personali, il periodo per cui saranno conservati i vostri dati personali, ecc.<\/li>\n<li>Ottenere una copia dei vostri dati personali oggetto di trattamento in formato semplice o strutturato, comunemente usato e leggibile da una macchina.<\/li>\n<li>Ottenere la rettifica di dati personali inesatti che vi riguardano.<\/li>\n<li>Far completare i dati personali incompleti che vi riguardano.<\/li>\n<li>Ottenere la cancellazione dei dati personali che vi riguardano.<\/li>\n<li>Ottenere la limitazione del trattamento dei vostri dati personali.<\/li>\n<li>Trasmettere i vostri dati personali a un altro titolare senza impedimenti da parte di \"4rent Thessaloniki\".<\/li>\n<li>Far trasmettere direttamente da \"4rent Thessaloniki\" i vostri dati personali a un altro titolare, ove tecnicamente fattibile.<\/li>\n<li>Presentare un reclamo all'Autorit\u00e0 greca per la protezione dei dati.<\/li>\n<li>Opporvi in qualsiasi momento al trattamento dei dati personali che vi riguardano.<\/li>\n<li>Opporvi in qualsiasi momento al trattamento dei dati personali che vi riguardano per scopi di marketing.<\/li>\n<\/ul>\n\t\t\t\t\t\t\t\t<\/div>\n\t\t\t\t<\/div>\n\t\t\t\t\t<\/div>\n\t\t\t\t<\/div>\n\t\t\t\t<\/div>\n\t\t","protected":false},"excerpt":{"rendered":"<p>4RENT SALONICCO Privacy Policy EU-GDPR Questo Avviso \u00e8 stato redatto in conformit\u00e0 con il nuovo Regolamento generale sulla protezione dei dati europeo 2016\/679 al fine di informarvi sul trattamento dei vostri dati personali da parte di \"4rent Thessaloniki\". \"4rent Thessaloniki\" potrebbe modificare la sua politica sui dati in qualsiasi momento e senza preavviso. Eventuali modifiche [&hellip;]<\/p>\n","protected":false},"author":1,"featured_media":0,"parent":0,"menu_order":0,"comment_status":"closed","ping_status":"closed","template":"","meta":{"footnotes":""},"class_list":["post-2835","page","type-page","status-publish","hentry"],"_links":{"self":[{"href":"https:\/\/4rent-thessaloniki.com\/it\/wp-json\/wp\/v2\/pages\/2835","targetHints":{"allow":["GET"]}}],"collection":[{"href":"https:\/\/4rent-thessaloniki.com\/it\/wp-json\/wp\/v2\/pages"}],"about":[{"href":"https:\/\/4rent-thessaloniki.com\/it\/wp-json\/wp\/v2\/types\/page"}],"author":[{"embeddable":true,"href":"https:\/\/4rent-thessaloniki.com\/it\/wp-json\/wp\/v2\/users\/1"}],"replies":[{"embeddable":true,"href":"https:\/\/4rent-thessaloniki.com\/it\/wp-json\/wp\/v2\/comments?post=2835"}],"version-history":[{"count":1,"href":"https:\/\/4rent-thessaloniki.com\/it\/wp-json\/wp\/v2\/pages\/2835\/revisions"}],"predecessor-version":[{"id":2836,"href":"https:\/\/4rent-thessaloniki.com\/it\/wp-json\/wp\/v2\/pages\/2835\/revisions\/2836"}],"wp:attachment":[{"href":"https:\/\/4rent-thessaloniki.com\/it\/wp-json\/wp\/v2\/media?parent=2835"}],"curies":[{"name":"wp","href":"https:\/\/api.w.org\/{rel}","templated":true}]}}